{"id":9950,"date":"2021-05-25T22:00:43","date_gmt":"2021-05-25T22:00:43","guid":{"rendered":"https:\/\/zehragrup.com\/activities\/"},"modified":"2024-09-17T09:08:03","modified_gmt":"2024-09-17T09:08:03","slug":"activities","status":"publish","type":"page","link":"https:\/\/www.zehragrup.com\/ar\/activities\/","title":{"rendered":"\u0623\u0646\u0634\u0637\u0629"},"content":{"rendered":"<p>[et_pb_section fb_built=&#8221;1&#8243; admin_label=&#8221;Header&#8221; _builder_version=&#8221;4.16&#8243; use_background_color_gradient=&#8221;on&#8221; background_color_gradient_type=&#8221;circular&#8221; background_color_gradient_direction_radial=&#8221;top left&#8221; background_color_gradient_stops=&#8221;rgba(255,255,255,0.89) 30%|rgba(255,255,255,0) 80%&#8221; background_color_gradient_overlays_image=&#8221;on&#8221; background_color_gradient_start=&#8221;rgba(255,255,255,0.89)&#8221; background_color_gradient_start_position=&#8221;30%&#8221; background_color_gradient_end=&#8221;rgba(255,255,255,0)&#8221; background_color_gradient_end_position=&#8221;80%&#8221; background_image=&#8221;https:\/\/zehragrup.com\/wp-content\/uploads\/2021\/01\/slider.jpg&#8221; custom_margin=&#8221;|||&#8221; custom_padding=&#8221;2vw||2vw||true|false&#8221; global_colors_info=&#8221;{}&#8221;][et_pb_row _builder_version=&#8221;4.16&#8243; global_colors_info=&#8221;{}&#8221;][et_pb_column type=&#8221;4_4&#8243; _builder_version=&#8221;4.16&#8243; custom_padding=&#8221;|||&#8221; global_colors_info=&#8221;{}&#8221; custom_padding__hover=&#8221;|||&#8221;][et_pb_text _builder_version=&#8221;4.16&#8243; text_font=&#8221;||||||||&#8221; header_font=&#8221;Raleway|700|||||||&#8221; header_font_size=&#8221;80px&#8221; header_line_height=&#8221;1.2em&#8221; header_5_font=&#8221;Raleway|700||on|||||&#8221; header_5_text_color=&#8221;#000000&#8243; header_5_font_size=&#8221;20px&#8221; header_5_letter_spacing=&#8221;0.5em&#8221; header_5_line_height=&#8221;1.8em&#8221; animation_style=&#8221;zoom&#8221; animation_intensity_zoom=&#8221;5%&#8221; header_font_size_tablet=&#8221;48px&#8221; header_font_size_phone=&#8221;32px&#8221; header_font_size_last_edited=&#8221;on|phone&#8221; header_5_font_size_tablet=&#8221;14px&#8221; header_5_font_size_phone=&#8221;12px&#8221; header_5_font_size_last_edited=&#8221;on|desktop&#8221; global_colors_info=&#8221;{}&#8221;]<\/p>\n<h1>\u0623\u0646\u0634\u0637\u0629<\/h1>\n<p>[\/et_pb_text][\/et_pb_column][\/et_pb_row][\/et_pb_section][et_pb_section fb_built=&#8221;1&#8243; admin_label=&#8221;About&#8221; _builder_version=&#8221;4.16&#8243; custom_padding=&#8221;3px|0px|6px|0px||&#8221; global_colors_info=&#8221;{}&#8221;][et_pb_row column_structure=&#8221;1_2,1_2&#8243; use_custom_gutter=&#8221;on&#8221; gutter_width=&#8221;1&#8243; module_id=&#8221;babadag&#8221; _builder_version=&#8221;4.16&#8243; custom_margin=&#8221;|||&#8221; custom_padding=&#8221;0px||100px|&#8221; global_colors_info=&#8221;{}&#8221;][et_pb_column type=&#8221;1_2&#8243; _builder_version=&#8221;4.16&#8243; custom_padding=&#8221;5%|||&#8221; global_colors_info=&#8221;{}&#8221; custom_padding__hover=&#8221;|||&#8221;][et_pb_image src=&#8221;https:\/\/zehragrup.com\/wp-content\/uploads\/2021\/01\/zehra_hotel_babadag.jpg&#8221; alt=&#8221;Zehra Hotel Babada\u011f &#8211; Yama\u00e7 Para\u015f\u00fct\u00fc&#8221; title_text=&#8221;Zehra Hotel Babada\u011f &#8211; Yama\u00e7 Para\u015f\u00fct\u00fc&#8221; force_fullwidth=&#8221;on&#8221; align_tablet=&#8221;center&#8221; align_phone=&#8221;&#8221; align_last_edited=&#8221;on|desktop&#8221; _builder_version=&#8221;4.16&#8243; animation_style=&#8221;slide&#8221; animation_direction=&#8221;top&#8221; animation_intensity_slide=&#8221;10%&#8221; animation_starting_opacity=&#8221;100%&#8221; global_colors_info=&#8221;{}&#8221;][\/et_pb_image][\/et_pb_column][et_pb_column type=&#8221;1_2&#8243; _builder_version=&#8221;4.16&#8243; background_enable_image=&#8221;off&#8221; background_size=&#8221;initial&#8221; background_position=&#8221;bottom_center&#8221; custom_padding=&#8221;||100px|&#8221; global_colors_info=&#8221;{}&#8221; custom_padding__hover=&#8221;|||&#8221;][et_pb_text _builder_version=&#8221;4.16&#8243; text_font=&#8221;||||||||&#8221; text_text_color=&#8221;#7e7f94&#8243; text_font_size=&#8221;15px&#8221; text_line_height=&#8221;1.9em&#8221; header_font=&#8221;||||||||&#8221; header_2_font=&#8221;|600|||||||&#8221; header_2_text_color=&#8221;#7272ff&#8221; header_2_font_size=&#8221;19px&#8221; header_4_font=&#8221;|700|||||||&#8221; header_4_text_color=&#8221;#0159a3&#8243; header_4_font_size=&#8221;20px&#8221; header_4_line_height=&#8221;1.7em&#8221; background_color=&#8221;#f5f9fb&#8221; text_orientation=&#8221;center&#8221; custom_margin=&#8221;|||&#8221; custom_padding=&#8221;60px|40px|60px|40px&#8221; animation_style=&#8221;slide&#8221; animation_direction=&#8221;bottom&#8221; animation_intensity_slide=&#8221;20%&#8221; animation_starting_opacity=&#8221;100%&#8221; global_colors_info=&#8221;{}&#8221;]<\/p>\n<h4>\u0627\u0644\u0642\u0641\u0632 \u0628\u0627\u0644\u0645\u0638\u0644\u0627\u062a<\/h4>\n<p>\u0623\u0648\u0644\u0626\u0643 \u0627\u0644\u0630\u064a\u0646 \u064a\u0642\u0648\u062f\u0648\u0646 \u062d\u0631\u0643\u0629 \u0627\u0644\u0645\u0631\u0648\u0631 \u0645\u0646 \u0628\u0627\u0628\u0627\u062f\u0627\u063a \u0641\u064a \u0641\u062a\u062d\u064a\u0629 \u060c \u0623\u0648\u0644\u0648\u062f\u064a\u0646\u064a\u0632 \u060c \u0648\u0627\u0644\u062a\u064a \u062a\u0639\u062f \u0648\u0627\u062d\u062f\u0629 \u0645\u0646 \u0623\u0641\u0636\u0644 \u0637\u0631\u0642 \u0627\u0644\u0637\u064a\u0631\u0627\u0646 \u0627\u0644\u0634\u0631\u0627\u0639\u064a \u0641\u064a \u0627\u0644\u0639\u0627\u0644\u0645. \u064a\u0633\u062a\u0645\u062a\u0639 \u0639\u0634\u0627\u0642 \u0627\u0644\u0645\u063a\u0627\u0645\u0631\u0627\u062a \u0643\u0644 \u0639\u0627\u0645 \u0645\u0646 \u062a\u0631\u0643\u064a\u0627 \u0648\u062c\u0645\u064a\u0639 \u0623\u0646\u062d\u0627\u0621 \u0627\u0644\u0639\u0627\u0644\u0645 \u0628\u0627\u0646\u062f\u0641\u0627\u0639 \u0627\u0644\u0623\u062f\u0631\u064a\u0646\u0627\u0644\u064a\u0646 \u0641\u064a \u0627\u0644\u0633\u0645\u0627\u0621 \u0623\u062b\u0646\u0627\u0621 \u0645\u0634\u0627\u0647\u062f\u0629 \u0644\u0648\u0646 \u0623\u0648\u0644\u0648\u062f\u064a\u0646\u064a\u0632 \u0627\u0644\u0623\u0632\u0631\u0642 \u0628\u0623\u0644\u0648\u0627\u0646 \u0645\u062e\u062a\u0644\u0641\u0629.[\/et_pb_text][\/et_pb_column][\/et_pb_row][et_pb_row column_structure=&#8221;1_2,1_2&#8243; use_custom_gutter=&#8221;on&#8221; gutter_width=&#8221;1&#8243; admin_label=&#8221;illustration_information&#8221; module_id=&#8221;tekne&#8221; _builder_version=&#8221;4.16&#8243; custom_margin=&#8221;|||&#8221; custom_padding=&#8221;0px|0px|100px|0px&#8221; global_colors_info=&#8221;{}&#8221;][et_pb_column type=&#8221;1_2&#8243; _builder_version=&#8221;4.16&#8243; custom_padding=&#8221;5%|||&#8221; global_colors_info=&#8221;{}&#8221; custom_padding__hover=&#8221;|||&#8221;][et_pb_image src=&#8221;https:\/\/zehragrup.com\/wp-content\/uploads\/2021\/01\/zehra-hotel-oludeniz-tekne.jpg&#8221; alt=&#8221;A\u00e7\u0131k Deniz \u00dczerinde Kahverengi Tekne&#8221; title_text=&#8221;zehra-hotel-oludeniz-tekne&#8221; force_fullwidth=&#8221;on&#8221; align_tablet=&#8221;center&#8221; align_phone=&#8221;&#8221; align_last_edited=&#8221;on|desktop&#8221; _builder_version=&#8221;4.16&#8243; animation_style=&#8221;slide&#8221; animation_direction=&#8221;top&#8221; animation_intensity_slide=&#8221;10%&#8221; animation_starting_opacity=&#8221;100%&#8221; global_colors_info=&#8221;{}&#8221;][\/et_pb_image][\/et_pb_column][et_pb_column type=&#8221;1_2&#8243; _builder_version=&#8221;4.16&#8243; background_enable_image=&#8221;off&#8221; background_size=&#8221;initial&#8221; background_position=&#8221;bottom_center&#8221; custom_padding=&#8221;||100px|&#8221; global_colors_info=&#8221;{}&#8221; custom_padding__hover=&#8221;|||&#8221;][et_pb_text _builder_version=&#8221;4.16&#8243; text_font=&#8221;||||||||&#8221; text_text_color=&#8221;#7e7f94&#8243; text_font_size=&#8221;15px&#8221; text_line_height=&#8221;1.9em&#8221; header_font=&#8221;||||||||&#8221; header_2_font=&#8221;|600|||||||&#8221; header_2_text_color=&#8221;#7272ff&#8221; header_2_font_size=&#8221;19px&#8221; header_4_font=&#8221;|700|||||||&#8221; header_4_text_color=&#8221;#0159a3&#8243; header_4_font_size=&#8221;20px&#8221; header_4_line_height=&#8221;1.7em&#8221; background_color=&#8221;#f5f9fb&#8221; text_orientation=&#8221;center&#8221; custom_margin=&#8221;|||&#8221; custom_padding=&#8221;60px|40px|60px|40px&#8221; animation_style=&#8221;slide&#8221; animation_direction=&#8221;bottom&#8221; animation_intensity_slide=&#8221;20%&#8221; animation_starting_opacity=&#8221;100%&#8221; global_colors_info=&#8221;{}&#8221;]<\/p>\n<h4>\u0631\u062d\u0644\u0627\u062a \u0627\u0644\u0642\u0648\u0627\u0631\u0628<\/h4>\n<p>\u0645\u0646 \u062e\u0644\u0627\u0644 \u0627\u0644\u0627\u0646\u0636\u0645\u0627\u0645 \u0625\u0644\u0649 \u062c\u0648\u0644\u0629 \u0641\u062a\u062d\u064a\u0629 12 \u062c\u0632\u064a\u0631\u0629 \u060c \u064a\u0645\u0643\u0646\u0643 \u0632\u064a\u0627\u0631\u0629 \u0627\u0644\u0643\u0647\u0641 \u0627\u0644\u0623\u0632\u0631\u0642 \u0648\u0627\u0644\u0645\u0627\u0621 \u0627\u0644\u0628\u0627\u0631\u062f \u0648\u062c\u0632\u064a\u0631\u0629 \u0646\u064a\u0643\u0648\u0644\u0627\u0633 \u0648\u063a\u0637\u0627\u0621 \u062d\u0648\u0636 \u0627\u0644\u0633\u0645\u0643 \u0648\u0634\u0627\u0637\u0626 \u0627\u0644\u062c\u0645\u0627\u0644 \u0648\u0648\u0627\u062f\u064a \u0627\u0644\u0641\u0631\u0627\u0634\u0627\u062a. \u0648\u0642\u062a \u0627\u0644\u0628\u062f\u0621 \u0647\u0648 11:00 \u0648\u0648\u0642\u062a \u0646\u0647\u0627\u064a\u0629 \u0627\u0644\u062c\u0648\u0644\u0629 \u0647\u0648 17: 30. \u0627\u0644\u0645\u062d\u0637\u0627\u062a \u0641\u064a \u0647\u0630\u0647 \u0627\u0644\u062c\u0648\u0644\u0629 \u0647\u064a \u061b \u062e\u0644\u064a\u062c \u0623\u0643\u0648\u0627\u0631\u064a\u0648\u0645 \u060c \u062c\u0632\u064a\u0631\u0629 \u0645\u0633\u0637\u062d\u0629 \u060c \u062c\u0632\u064a\u0631\u0629 \u062d\u0645\u0631\u0627\u0621 \u060c \u062c\u0632\u064a\u0631\u0629 \u062c\u0648\u062a\u0634\u064a\u0643 \u0648\u062c\u0632\u064a\u0631\u0629 \u0631\u0627\u0628\u064a\u062a.[\/et_pb_text][\/et_pb_column][\/et_pb_row][et_pb_row column_structure=&#8221;1_2,1_2&#8243; use_custom_gutter=&#8221;on&#8221; gutter_width=&#8221;1&#8243; admin_label=&#8221;illustration_information&#8221; module_id=&#8221;rafting&#8221; _builder_version=&#8221;4.16&#8243; custom_margin=&#8221;|||&#8221; custom_padding=&#8221;0px|0px|100px|0px&#8221; global_colors_info=&#8221;{}&#8221;][et_pb_column type=&#8221;1_2&#8243; _builder_version=&#8221;4.16&#8243; custom_padding=&#8221;5%|||&#8221; global_colors_info=&#8221;{}&#8221; custom_padding__hover=&#8221;|||&#8221;][et_pb_image src=&#8221;https:\/\/zehragrup.com\/wp-content\/uploads\/2021\/01\/zehra-hotel-atv-rafting.jpg&#8221; alt=&#8221;zehra-hotel-atv-rafting&#8221; title_text=&#8221;zehra-hotel-atv-rafting&#8221; force_fullwidth=&#8221;on&#8221; align_tablet=&#8221;center&#8221; align_phone=&#8221;&#8221; align_last_edited=&#8221;on|desktop&#8221; _builder_version=&#8221;4.16&#8243; animation_style=&#8221;slide&#8221; animation_direction=&#8221;top&#8221; animation_intensity_slide=&#8221;10%&#8221; animation_starting_opacity=&#8221;100%&#8221; global_colors_info=&#8221;{}&#8221;][\/et_pb_image][\/et_pb_column][et_pb_column type=&#8221;1_2&#8243; _builder_version=&#8221;4.16&#8243; background_enable_image=&#8221;off&#8221; background_size=&#8221;initial&#8221; background_position=&#8221;bottom_center&#8221; custom_padding=&#8221;||100px|&#8221; global_colors_info=&#8221;{}&#8221; custom_padding__hover=&#8221;|||&#8221;][et_pb_text _builder_version=&#8221;4.16&#8243; text_font=&#8221;||||||||&#8221; text_text_color=&#8221;#7e7f94&#8243; text_font_size=&#8221;15px&#8221; text_line_height=&#8221;1.9em&#8221; header_font=&#8221;||||||||&#8221; header_2_font=&#8221;|600|||||||&#8221; header_2_text_color=&#8221;#7272ff&#8221; header_2_font_size=&#8221;19px&#8221; header_4_font=&#8221;|700|||||||&#8221; header_4_text_color=&#8221;#0159a3&#8243; header_4_font_size=&#8221;20px&#8221; header_4_line_height=&#8221;1.7em&#8221; background_color=&#8221;#f5f9fb&#8221; text_orientation=&#8221;center&#8221; custom_margin=&#8221;|||&#8221; custom_padding=&#8221;60px|40px|60px|40px&#8221; animation_style=&#8221;slide&#8221; animation_direction=&#8221;bottom&#8221; animation_intensity_slide=&#8221;20%&#8221; animation_starting_opacity=&#8221;100%&#8221; global_colors_info=&#8221;{}&#8221;]<\/p>\n<h4>\u0627\u0644\u062a\u062c\u062f\u064a\u0641<\/h4>\n<p>\u0641\u0631\u0635\u0629 \u0644\u0644\u0634\u0639\u0648\u0631 \u0628\u0627\u0644\u0623\u062f\u0631\u064a\u0646\u0627\u0644\u064a\u0646 \u0641\u064a \u0627\u0644\u0645\u064a\u0627\u0647 \u0627\u0644\u0628\u0627\u0631\u062f\u0629 \u0627\u0644\u0645\u062a\u062f\u0641\u0642\u0629 \u0641\u064a \u0627\u0644\u0648\u0627\u062f\u064a \u0627\u0644\u0639\u0645\u064a\u0642[\/et_pb_text][\/et_pb_column][\/et_pb_row][et_pb_row column_structure=&#8221;1_2,1_2&#8243; use_custom_gutter=&#8221;on&#8221; gutter_width=&#8221;1&#8243; admin_label=&#8221;illustration_information&#8221; module_id=&#8221;saklikent&#8221; _builder_version=&#8221;4.16&#8243; custom_margin=&#8221;|||&#8221; custom_padding=&#8221;0px|0px|100px|0px&#8221; global_colors_info=&#8221;{}&#8221;][et_pb_column type=&#8221;1_2&#8243; _builder_version=&#8221;4.16&#8243; custom_padding=&#8221;5%|||&#8221; global_colors_info=&#8221;{}&#8221; custom_padding__hover=&#8221;|||&#8221;][et_pb_image src=&#8221;https:\/\/zehragrup.com\/wp-content\/uploads\/2021\/01\/zehra-hotel-saklikent.jpg&#8221; alt=&#8221;Zehra Otel Sakl\u0131kent&#8221; title_text=&#8221;Zehra Otel Sakl\u0131kent&#8221; force_fullwidth=&#8221;on&#8221; align_tablet=&#8221;center&#8221; align_phone=&#8221;&#8221; align_last_edited=&#8221;on|desktop&#8221; _builder_version=&#8221;4.16&#8243; animation_style=&#8221;slide&#8221; animation_direction=&#8221;top&#8221; animation_intensity_slide=&#8221;10%&#8221; animation_starting_opacity=&#8221;100%&#8221; global_colors_info=&#8221;{}&#8221;][\/et_pb_image][\/et_pb_column][et_pb_column type=&#8221;1_2&#8243; _builder_version=&#8221;4.16&#8243; background_enable_image=&#8221;off&#8221; background_size=&#8221;initial&#8221; background_position=&#8221;bottom_center&#8221; custom_padding=&#8221;||100px|&#8221; global_colors_info=&#8221;{}&#8221; custom_padding__hover=&#8221;|||&#8221;][et_pb_text _builder_version=&#8221;4.16&#8243; text_font=&#8221;||||||||&#8221; text_text_color=&#8221;#7e7f94&#8243; text_font_size=&#8221;15px&#8221; text_line_height=&#8221;1.9em&#8221; header_font=&#8221;||||||||&#8221; header_2_font=&#8221;|600|||||||&#8221; header_2_text_color=&#8221;#7272ff&#8221; header_2_font_size=&#8221;19px&#8221; header_4_font=&#8221;|700|||||||&#8221; header_4_text_color=&#8221;#0159a3&#8243; header_4_font_size=&#8221;20px&#8221; header_4_line_height=&#8221;1.7em&#8221; background_color=&#8221;#f5f9fb&#8221; text_orientation=&#8221;center&#8221; custom_margin=&#8221;|||&#8221; custom_padding=&#8221;60px|40px|60px|40px&#8221; animation_style=&#8221;slide&#8221; animation_direction=&#8221;bottom&#8221; animation_intensity_slide=&#8221;20%&#8221; animation_starting_opacity=&#8221;100%&#8221; global_colors_info=&#8221;{}&#8221;]<\/p>\n<h4>\u0633\u0627\u0643\u0644\u064a\u0643\u0646\u062a * \u0627\u0644\u0645\u062f\u064a\u0646\u0629 \u0627\u0644\u0645\u062e\u0641\u064a\u0629 *<\/h4>\n<p>\u0639\u0644\u0649 \u0627\u0644\u0631\u063a\u0645 \u0645\u0646 \u0648\u062c\u0648\u062f \u0627\u0644\u0639\u062f\u064a\u062f \u0645\u0646 \u0627\u0644\u0623\u0645\u0627\u0643\u0646 \u0627\u0644\u062a\u064a \u064a\u0645\u0643\u0646\u0643 \u0632\u064a\u0627\u0631\u062a\u0647\u0627 \u0648\u0631\u0624\u064a\u062a\u0647\u0627 \u0641\u064a \u0641\u062a\u062d\u064a\u0629\u060c \u0625\u0644\u0627 \u0623\u0646 \u0627\u0644\u0645\u062f\u064a\u0646\u0629 \u0627\u0644\u0645\u062e\u0641\u064a\u0629 \u0647\u064a \u0648\u0627\u062d\u062f\u0629 \u0645\u0646 \u0623\u0647\u0645 \u0627\u0644\u0623\u0645\u0627\u0643\u0646 \u0627\u0644\u062a\u064a \u0644\u0627 \u064a\u0646\u0628\u063a\u064a \u062a\u0641\u0648\u064a\u062a\u0647\u0627 \u0628\u0633\u0628\u0628 \u0627\u0644\u0648\u0627\u062f\u064a. \u0627\u0643\u062a\u0634\u0641 \u0627\u0644\u0631\u0627\u0639\u064a \u0627\u0644\u0648\u0627\u062f\u064a \u0645\u0646\u0630 26 \u0639\u0627\u0645\u064b\u0627. \u0625\u0646\u0647 \u064a\u062e\u0644\u0642 \u0635\u0648\u0631\u0629 \u0631\u063a\u0648\u064a\u0629 \u062d\u064a\u062b \u064a\u0630\u0648\u0628 \u0627\u0644\u062b\u0644\u062c \u0641\u064a \u0627\u0644\u062c\u0628\u0627\u0644 \u0645\u0646 \u0627\u0644\u0648\u0627\u062f\u064a. \u0644\u0647\u0630\u0627\u060c \u062d\u062a\u0649 \u0641\u064a \u0623\u0634\u062f \u0641\u062a\u0631\u0627\u062a \u0627\u0644\u0637\u0642\u0633 \u062d\u0631\u0627\u0631\u0629 \u060c \u0643\u0627\u0646 \u0647\u0646\u0627\u0643 \u0645\u0627\u0621 \u0628\u0627\u0631\u062f.[\/et_pb_text][\/et_pb_column][\/et_pb_row][\/et_pb_section]<\/p>\n","protected":false},"excerpt":{"rendered":"<p>\u0623\u0646\u0634\u0637\u0629\u0627\u0644\u0642\u0641\u0632 \u0628\u0627\u0644\u0645\u0638\u0644\u0627\u062a \u0623\u0648\u0644\u0626\u0643 \u0627\u0644\u0630\u064a\u0646 \u064a\u0642\u0648\u062f\u0648\u0646 \u062d\u0631\u0643\u0629 \u0627\u0644\u0645\u0631\u0648\u0631 \u0645\u0646 \u0628\u0627\u0628\u0627\u062f\u0627\u063a \u0641\u064a \u0641\u062a\u062d\u064a\u0629 \u060c \u0623\u0648\u0644\u0648\u062f\u064a\u0646\u064a\u0632 \u060c \u0648\u0627\u0644\u062a\u064a \u062a\u0639\u062f \u0648\u0627\u062d\u062f\u0629 \u0645\u0646 \u0623\u0641\u0636\u0644 \u0637\u0631\u0642 \u0627\u0644\u0637\u064a\u0631\u0627\u0646 \u0627\u0644\u0634\u0631\u0627\u0639\u064a \u0641\u064a \u0627\u0644\u0639\u0627\u0644\u0645. \u064a\u0633\u062a\u0645\u062a\u0639 \u0639\u0634\u0627\u0642 \u0627\u0644\u0645\u063a\u0627\u0645\u0631\u0627\u062a \u0643\u0644 \u0639\u0627\u0645 \u0645\u0646 \u062a\u0631\u0643\u064a\u0627 \u0648\u062c\u0645\u064a\u0639 \u0623\u0646\u062d\u0627\u0621 \u0627\u0644\u0639\u0627\u0644\u0645 \u0628\u0627\u0646\u062f\u0641\u0627\u0639 \u0627\u0644\u0623\u062f\u0631\u064a\u0646\u0627\u0644\u064a\u0646 \u0641\u064a \u0627\u0644\u0633\u0645\u0627\u0621 \u0623\u062b\u0646\u0627\u0621 \u0645\u0634\u0627\u0647\u062f\u0629 \u0644\u0648\u0646 \u0623\u0648\u0644\u0648\u062f\u064a\u0646\u064a\u0632 \u0627\u0644\u0623\u0632\u0631\u0642 \u0628\u0623\u0644\u0648\u0627\u0646 \u0645\u062e\u062a\u0644\u0641\u0629.\u0631\u062d\u0644\u0627\u062a \u0627\u0644\u0642\u0648\u0627\u0631\u0628 \u0645\u0646 \u062e\u0644\u0627\u0644 \u0627\u0644\u0627\u0646\u0636\u0645\u0627\u0645 \u0625\u0644\u0649 \u062c\u0648\u0644\u0629 \u0641\u062a\u062d\u064a\u0629 12 \u062c\u0632\u064a\u0631\u0629 \u060c [&hellip;]<\/p>\n","protected":false},"author":1,"featured_media":0,"parent":0,"menu_order":0,"comment_status":"closed","ping_status":"closed","template":"","meta":{"_et_pb_use_builder":"on","_et_pb_old_content":"","_et_gb_content_width":"","footnotes":""},"class_list":["post-9950","page","type-page","status-publish","hentry"],"_links":{"self":[{"href":"https:\/\/www.zehragrup.com\/ar\/wp-json\/wp\/v2\/pages\/9950","targetHints":{"allow":["GET"]}}],"collection":[{"href":"https:\/\/www.zehragrup.com\/ar\/wp-json\/wp\/v2\/pages"}],"about":[{"href":"https:\/\/www.zehragrup.com\/ar\/wp-json\/wp\/v2\/types\/page"}],"author":[{"embeddable":true,"href":"https:\/\/www.zehragrup.com\/ar\/wp-json\/wp\/v2\/users\/1"}],"replies":[{"embeddable":true,"href":"https:\/\/www.zehragrup.com\/ar\/wp-json\/wp\/v2\/comments?post=9950"}],"version-history":[{"count":0,"href":"https:\/\/www.zehragrup.com\/ar\/wp-json\/wp\/v2\/pages\/9950\/revisions"}],"wp:attachment":[{"href":"https:\/\/www.zehragrup.com\/ar\/wp-json\/wp\/v2\/media?parent=9950"}],"curies":[{"name":"wp","href":"https:\/\/api.w.org\/{rel}","templated":true}]}}