{"id":26528,"date":"2024-05-10T13:20:29","date_gmt":"2024-05-10T13:20:29","guid":{"rendered":"https:\/\/zehragrup.com\/tatil-koyu-ranzali-oda\/"},"modified":"2024-05-21T14:16:57","modified_gmt":"2024-05-21T14:16:57","slug":"tatil-koyu-ranzali-oda","status":"publish","type":"product","link":"https:\/\/www.zehragrup.com\/ar\/tatil-koyu-ranzali-oda\/","title":{"rendered":"\u063a\u0631\u0641\u0629 \u0646\u0648\u0645 \u0628\u0637\u0627\u0628\u0642\u064a\u0646 \u0642\u064a\u0627\u0633\u064a\u0629"},"content":{"rendered":"<div class=\"et_pb_with_border et_pb_module et_pb_text et_pb_text_1_tb_body et_pb_text_align_left et_pb_bg_layout_light\">\n<div class=\"et_pb_text_inner\">\n<div class=\"et_pb_with_border et_pb_module et_pb_text et_pb_text_1_tb_body et_pb_text_align_left et_pb_bg_layout_light\">\n<div class=\"et_pb_text_inner\">\u062a\u0642\u0639 \u0647\u0630\u0647 \u0627\u0644\u063a\u0631\u0641\u0629 \u0641\u064a \u0642\u0631\u064a\u0629 \u0632\u0647\u0631\u0629 \u0647\u0648\u0644\u064a\u062f\u0627\u064a \u0641\u064a\u0644\u064a\u062f\u062c<\/div>\n<\/div>\n<\/div>\n<\/div>\n","protected":false},"excerpt":{"rendered":"<p>\u062e\u062f\u0645\u0629 \u062a\u0643\u064a\u064a\u0641 \u0647\u0648\u0627\u0621\u060c \u062a\u0644\u0641\u0632\u064a\u0648\u0646 \u0628\u0642\u0646\u0648\u0627\u062a \u0641\u0636\u0627\u0626\u064a\u0629\u060c \u062a\u0644\u0641\u0632\u064a\u0648\u0646 \u0639\u0627\u0644\u064a \u0627\u0644\u062f\u0642\u0629 (55 \u0628\u0648\u0635\u0629)\u060c \u0645\u0646\u0627\u0634\u0641\u060c \u062d\u0645\u0627\u0645\/\u062f\u064f\u0634\u060c \u0648\u0627\u064a \u0641\u0627\u064a \u0645\u062c\u0627\u0646\u064a\u060c \u0645\u062c\u0641\u0641 \u0634\u0639\u0631\u060c \u0633\u062c\u0627\u062f\u0629 \u0635\u0644\u0627\u0629\u060c \u0645\u0633\u0628\u062d\u0629\u060c \u0639\u0644\u0627\u0645\u0629 \u0627\u062a\u062c\u0627\u0647 \u0627\u0644\u0642\u0628\u0644\u0629. \u062a\u0642\u0639 \u0642\u0631\u064a\u0629 \u0632\u0647\u0631\u0629 \u0647\u0648\u0644\u064a\u062f\u0627\u064a \u0641\u064a \u0645\u0646\u0637\u0642\u0629 \u0647\u064a\u0633\u0627\u0631\u0648\u0646\u0648 \u0641\u064a \u0645\u062f\u064a\u0646\u0629 \u0641\u062a\u062d\u064a\u0629\u060c \u0648\u062a\u0631\u062d\u0628 \u0642\u0631\u064a\u0629 \u0632\u0647\u0631\u0629 \u0647\u0648\u0644\u064a\u062f\u0627\u064a \u0628\u0646\u0632\u0644\u0627\u0626\u0647\u0627 \u0645\u0639 \u0637\u0628\u064a\u0639\u0629 \u0641\u062a\u062d\u064a\u0629 \u0627\u0644\u0631\u0627\u0626\u0639\u0629 \u0648\u0645\u0633\u0628\u062d \u062e\u0627\u0631\u062c\u064a \u0643\u0628\u064a\u0631 \u0648\u0623\u062c\u0648\u0627\u0621 \u0647\u0627\u062f\u0626\u0629.<\/p>\n<p>\u064a\u062d\u062a\u0648\u064a \u0627\u0644\u0645\u0631\u0641\u0642 \u0639\u0644\u0649 76 \u063a\u0631\u0641\u0629 \u0628\u062f\u064a\u0643\u0648\u0631\u0627\u062a \u0639\u0635\u0631\u064a\u0629. \u0641\u064a \u0627\u0644\u063a\u0631\u0641\u061b \u064a\u0648\u062c\u062f \u0628\u0627\u0644\u063a\u0631\u0641 \u0645\u0631\u0627\u0641\u0642 \u0645\u062b\u0644 \u062a\u0644\u0641\u0632\u064a\u0648\u0646 LCD \u0648\u0628\u062b \u0641\u0636\u0627\u0626\u064a \u0648\u0625\u0646\u062a\u0631\u0646\u062a \u0644\u0627\u0633\u0644\u0643\u064a. \u0643\u0645\u0627 \u064a\u0648\u0641\u0631 \u0627\u0644\u0645\u0631\u0641\u0642 \u0644\u0646\u0632\u0644\u0627\u0626\u0647 \u062d\u0648\u0636 \u0633\u0628\u0627\u062d\u0629 \u0645\u0646\u0641\u0635\u0644 \u0644\u0644\u0631\u062c\u0627\u0644 \u0648\u0627\u0644\u0646\u0633\u0627\u0621\u060c \u0648\u0645\u0637\u0639\u0645\u060c \u0648\u0645\u0631\u0627\u0641\u0642 \u063a\u0633\u064a\u0644 \u0627\u0644\u0645\u0644\u0627\u0628\u0633 \u0648\u0627\u0644\u062a\u0646\u0638\u064a\u0641 \u0627\u0644\u062c\u0627\u0641.<\/p>\n<p>\u062e\u062f\u0645\u0627\u062a\u0646\u0627 \u0645\u0631\u0627\u0641\u0642 \u0627\u0644\u063a\u0631\u0641\u060c \u0648\u0631\u0627\u062d\u0629 \u0646\u0632\u0644\u0627\u0626\u0646\u0627 \u0627\u0644\u0643\u0631\u0627\u0645\u060c \u0648\u0631\u0627\u062d\u0629 \u0627\u0644\u0646\u0632\u0644\u0627\u0621 \u0627\u0644\u0643\u0631\u0627\u0645\u060c \u0648\u062c\u0645\u064a\u0639 \u0627\u0644\u062a\u0633\u0647\u064a\u0644\u0627\u062a \u0645\u0646 \u0623\u062c\u0644 \u0627\u0644\u0648\u0641\u0627\u0621 \u0628\u0627\u0644\u062a\u0632\u0627\u0645\u0627\u062a\u0647\u0645 \u0627\u0644\u062f\u064a\u0646\u064a\u0629.<\/p>\n<ul>\n<li>\u064a\u064f\u0642\u0628\u0644 \u0627\u0644\u0646\u0632\u0644\u0627\u0621 \u0627\u0644\u0623\u0637\u0641\u0627\u0644 \u0641\u064a \u0627\u0644\u0645\u0646\u0634\u0623\u0629.<\/li>\n<li>\u0644\u0627 \u062a\u064f\u0642\u0628\u0644 \u0627\u0644\u062d\u064a\u0648\u0627\u0646\u0627\u062a \u0627\u0644\u0623\u0644\u064a\u0641\u0629.<\/li>\n<li>\u0644\u0627 \u062a\u064f\u0642\u0628\u0644 \u0627\u0644\u0643\u0644\u0627\u0628 \u0627\u0644\u0625\u0631\u0634\u0627\u062f\u064a\u0629.<\/li>\n<li>\u0644\u0627 \u064a\u062a\u0645 \u062a\u0648\u0641\u064a\u0631 \u0623\u0633\u0631\u0651\u0629 \u0625\u0636\u0627\u0641\u064a\u0629.<\/li>\n<\/ul>\n<p>\u0644\u0627 \u064a\u0645\u0643\u0646 \u0636\u0645\u0627\u0646 \u062e\u062f\u0645\u0629 \u0627\u0644\u0623\u0633\u0631\u0651\u0629 \u0627\u0644\u0625\u0636\u0627\u0641\u064a\u0629 \u0644\u0646\u0632\u0644\u0627\u0626\u0646\u0627 \u0627\u0644\u0645\u0642\u064a\u0645\u064a\u0646 \u0645\u062c\u0627\u0646\u0627\u064b.<\/p>\n","protected":false},"featured_media":25709,"comment_status":"closed","ping_status":"closed","template":"","meta":{"_et_pb_use_builder":"off","_et_pb_old_content":"<div class=\"et_pb_with_border et_pb_module et_pb_text et_pb_text_1_tb_body et_pb_text_align_left et_pb_bg_layout_light\">\r\n<div class=\"et_pb_text_inner\">\r\n<div class=\"et_pb_with_border et_pb_module et_pb_text et_pb_text_1_tb_body et_pb_text_align_left et_pb_bg_layout_light\">\r\n<div class=\"et_pb_text_inner\">Bu Oda Zehra Tatil K\u00f6y\u00fcnde Bulunmaktad\u0131r<\/div>\r\n<\/div>\r\n<\/div>\r\n<\/div>","_et_gb_content_width":""},"product_cat":[100],"product_tag":[],"class_list":{"0":"post-26528","1":"product","2":"type-product","3":"status-publish","4":"has-post-thumbnail","6":"product_cat-zehra-tatil-koyu-odalar-ar","8":"first","9":"instock","10":"shipping-taxable","11":"product-type-simple"},"_links":{"self":[{"href":"https:\/\/www.zehragrup.com\/ar\/wp-json\/wp\/v2\/product\/26528","targetHints":{"allow":["GET"]}}],"collection":[{"href":"https:\/\/www.zehragrup.com\/ar\/wp-json\/wp\/v2\/product"}],"about":[{"href":"https:\/\/www.zehragrup.com\/ar\/wp-json\/wp\/v2\/types\/product"}],"replies":[{"embeddable":true,"href":"https:\/\/www.zehragrup.com\/ar\/wp-json\/wp\/v2\/comments?post=26528"}],"wp:featuredmedia":[{"embeddable":true,"href":"https:\/\/www.zehragrup.com\/ar\/wp-json\/wp\/v2\/media\/25709"}],"wp:attachment":[{"href":"https:\/\/www.zehragrup.com\/ar\/wp-json\/wp\/v2\/media?parent=26528"}],"wp:term":[{"taxonomy":"product_cat","embeddable":true,"href":"https:\/\/www.zehragrup.com\/ar\/wp-json\/wp\/v2\/product_cat?post=26528"},{"taxonomy":"product_tag","embeddable":true,"href":"https:\/\/www.zehragrup.com\/ar\/wp-json\/wp\/v2\/product_tag?post=26528"}],"curies":[{"name":"wp","href":"https:\/\/api.w.org\/{rel}","templated":true}]}}