{"id":26419,"date":"2024-05-10T13:03:48","date_gmt":"2024-05-10T13:03:48","guid":{"rendered":"https:\/\/zehragrup.com\/tatil-koyu-standart-oda\/"},"modified":"2024-05-21T13:51:52","modified_gmt":"2024-05-21T13:51:52","slug":"holiday-village-standard-room","status":"publish","type":"product","link":"https:\/\/www.zehragrup.com\/en\/holiday-village-standard-room\/","title":{"rendered":"Standard Room"},"content":{"rendered":"<div class=\"et_pb_with_border et_pb_module et_pb_text et_pb_text_1_tb_body et_pb_text_align_left et_pb_bg_layout_light\">\n<div class=\"et_pb_text_inner\">\n<div class=\"et_pb_with_border et_pb_module et_pb_text et_pb_text_1_tb_body et_pb_text_align_left et_pb_bg_layout_light\">\n<div class=\"et_pb_text_inner\">This room is located in Zehra Holiday Village<\/div>\n<\/div>\n<\/div>\n<\/div>\n","protected":false},"excerpt":{"rendered":"<p>Air Conditioning Service, Satellite TV, HD TV Safe (55 inch), Towels, Bathroom \/ Shower, Free WiFi, Hair Dryer, Prayer Rug, Rosary, Qibla Direction Sign. Located in Hisaronu, Fethiye, Zehra Holiday Village welcomes its guests with the magnificent nature of Fethiye, a large outdoor pool and a peaceful atmosphere.<\/p>\n<p>The facility has 76 rooms with modern decoration. In the rooms; There are facilities such as LCD television, satellite broadcasting and wireless internet. The facility also offers its guests a separate swimming pool for men and women, restaurant, laundry and dry cleaning facilities.<\/p>\n<p>Our Services Room Facilities, the comfort of our valued customers, comfort and all the facilities in order to fulfil their religious obligations.<\/p>\n<ul>\n<li>Child guests are accepted in the facility.<\/li>\n<li>Pets are not accepted.<\/li>\n<li>Guide dogs are not accepted.<\/li>\n<li>Extra beds are not provided.<\/li>\n<\/ul>\n<p>Extra bed service cannot be guaranteed for our guests staying free of charge.<\/p>\n","protected":false},"featured_media":25668,"comment_status":"closed","ping_status":"closed","template":"","meta":{"_et_pb_use_builder":"off","_et_pb_old_content":"<div class=\"et_pb_with_border et_pb_module et_pb_text et_pb_text_1_tb_body et_pb_text_align_left et_pb_bg_layout_light\">\r\n<div class=\"et_pb_text_inner\">\r\n<div class=\"et_pb_with_border et_pb_module et_pb_text et_pb_text_1_tb_body et_pb_text_align_left et_pb_bg_layout_light\">\r\n<div class=\"et_pb_text_inner\">Bu Oda Zehra Tatil K\u00f6y\u00fcnde Bulunmaktad\u0131r<\/div>\r\n<\/div>\r\n<\/div>\r\n<\/div>","_et_gb_content_width":""},"product_cat":[99],"product_tag":[],"class_list":{"0":"post-26419","1":"product","2":"type-product","3":"status-publish","4":"has-post-thumbnail","6":"product_cat-zehra-tatil-koyu-odalar-en","8":"first","9":"instock","10":"shipping-taxable","11":"product-type-simple"},"_links":{"self":[{"href":"https:\/\/www.zehragrup.com\/en\/wp-json\/wp\/v2\/product\/26419","targetHints":{"allow":["GET"]}}],"collection":[{"href":"https:\/\/www.zehragrup.com\/en\/wp-json\/wp\/v2\/product"}],"about":[{"href":"https:\/\/www.zehragrup.com\/en\/wp-json\/wp\/v2\/types\/product"}],"replies":[{"embeddable":true,"href":"https:\/\/www.zehragrup.com\/en\/wp-json\/wp\/v2\/comments?post=26419"}],"wp:featuredmedia":[{"embeddable":true,"href":"https:\/\/www.zehragrup.com\/en\/wp-json\/wp\/v2\/media\/25668"}],"wp:attachment":[{"href":"https:\/\/www.zehragrup.com\/en\/wp-json\/wp\/v2\/media?parent=26419"}],"wp:term":[{"taxonomy":"product_cat","embeddable":true,"href":"https:\/\/www.zehragrup.com\/en\/wp-json\/wp\/v2\/product_cat?post=26419"},{"taxonomy":"product_tag","embeddable":true,"href":"https:\/\/www.zehragrup.com\/en\/wp-json\/wp\/v2\/product_tag?post=26419"}],"curies":[{"name":"wp","href":"https:\/\/api.w.org\/{rel}","templated":true}]}}