{"id":12252,"date":"2021-05-25T22:00:43","date_gmt":"2021-05-25T22:00:43","guid":{"rendered":"https:\/\/zehragrup.com\/activities\/"},"modified":"2024-09-17T11:12:21","modified_gmt":"2024-09-17T11:12:21","slug":"activities","status":"publish","type":"page","link":"https:\/\/www.zehragrup.com\/fr\/activities\/","title":{"rendered":"Activities"},"content":{"rendered":"<p>[et_pb_section fb_built=&#8221;1&#8243; admin_label=&#8221;Header&#8221; _builder_version=&#8221;4.16&#8243; use_background_color_gradient=&#8221;on&#8221; background_color_gradient_type=&#8221;circular&#8221; background_color_gradient_direction_radial=&#8221;top left&#8221; background_color_gradient_stops=&#8221;rgba(255,255,255,0.89) 30%|rgba(255,255,255,0) 80%&#8221; background_color_gradient_overlays_image=&#8221;on&#8221; background_color_gradient_start=&#8221;rgba(255,255,255,0.89)&#8221; background_color_gradient_start_position=&#8221;30%&#8221; background_color_gradient_end=&#8221;rgba(255,255,255,0)&#8221; background_color_gradient_end_position=&#8221;80%&#8221; background_image=&#8221;https:\/\/zehragrup.com\/wp-content\/uploads\/2021\/01\/slider.jpg&#8221; custom_margin=&#8221;|||&#8221; custom_padding=&#8221;2vw||2vw||true|false&#8221; global_colors_info=&#8221;{}&#8221;][et_pb_row _builder_version=&#8221;4.16&#8243; global_colors_info=&#8221;{}&#8221;][et_pb_column type=&#8221;4_4&#8243; _builder_version=&#8221;4.16&#8243; custom_padding=&#8221;|||&#8221; global_colors_info=&#8221;{}&#8221; custom_padding__hover=&#8221;|||&#8221;][et_pb_text _builder_version=&#8221;4.16&#8243; text_font=&#8221;||||||||&#8221; header_font=&#8221;Raleway|700|||||||&#8221; header_font_size=&#8221;80px&#8221; header_line_height=&#8221;1.2em&#8221; header_5_font=&#8221;Raleway|700||on|||||&#8221; header_5_text_color=&#8221;#000000&#8243; header_5_font_size=&#8221;20px&#8221; header_5_letter_spacing=&#8221;0.5em&#8221; header_5_line_height=&#8221;1.8em&#8221; animation_style=&#8221;zoom&#8221; animation_intensity_zoom=&#8221;5%&#8221; header_font_size_tablet=&#8221;48px&#8221; header_font_size_phone=&#8221;32px&#8221; header_font_size_last_edited=&#8221;on|phone&#8221; header_5_font_size_tablet=&#8221;14px&#8221; header_5_font_size_phone=&#8221;12px&#8221; header_5_font_size_last_edited=&#8221;on|desktop&#8221; global_colors_info=&#8221;{}&#8221;]<\/p>\n<h1>Activit\u00e9<\/h1>\n<p>[\/et_pb_text][\/et_pb_column][\/et_pb_row][\/et_pb_section][et_pb_section fb_built=&#8221;1&#8243; admin_label=&#8221;About&#8221; _builder_version=&#8221;4.16&#8243; custom_padding=&#8221;3px|0px|6px|0px||&#8221; global_colors_info=&#8221;{}&#8221;][et_pb_row column_structure=&#8221;1_2,1_2&#8243; use_custom_gutter=&#8221;on&#8221; gutter_width=&#8221;1&#8243; module_id=&#8221;babadag&#8221; _builder_version=&#8221;4.16&#8243; custom_margin=&#8221;|||&#8221; custom_padding=&#8221;0px||100px|&#8221; global_colors_info=&#8221;{}&#8221;][et_pb_column type=&#8221;1_2&#8243; _builder_version=&#8221;4.16&#8243; custom_padding=&#8221;5%|||&#8221; global_colors_info=&#8221;{}&#8221; custom_padding__hover=&#8221;|||&#8221;][et_pb_image src=&#8221;https:\/\/zehragrup.com\/wp-content\/uploads\/2021\/01\/zehra_hotel_babadag.jpg&#8221; alt=&#8221;Zehra Hotel Babada\u011f &#8211; Yama\u00e7 Para\u015f\u00fct\u00fc&#8221; title_text=&#8221;Zehra Hotel Babada\u011f &#8211; Yama\u00e7 Para\u015f\u00fct\u00fc&#8221; force_fullwidth=&#8221;on&#8221; align_tablet=&#8221;center&#8221; align_phone=&#8221;&#8221; align_last_edited=&#8221;on|desktop&#8221; _builder_version=&#8221;4.16&#8243; animation_style=&#8221;slide&#8221; animation_direction=&#8221;top&#8221; animation_intensity_slide=&#8221;10%&#8221; animation_starting_opacity=&#8221;100%&#8221; global_colors_info=&#8221;{}&#8221;][\/et_pb_image][\/et_pb_column][et_pb_column type=&#8221;1_2&#8243; _builder_version=&#8221;4.16&#8243; background_enable_image=&#8221;off&#8221; background_size=&#8221;initial&#8221; background_position=&#8221;bottom_center&#8221; custom_padding=&#8221;||100px|&#8221; global_colors_info=&#8221;{}&#8221; custom_padding__hover=&#8221;|||&#8221;][et_pb_text _builder_version=&#8221;4.16&#8243; text_font=&#8221;||||||||&#8221; text_text_color=&#8221;#7e7f94&#8243; text_font_size=&#8221;15px&#8221; text_line_height=&#8221;1.9em&#8221; header_font=&#8221;||||||||&#8221; header_2_font=&#8221;|600|||||||&#8221; header_2_text_color=&#8221;#7272ff&#8221; header_2_font_size=&#8221;19px&#8221; header_4_font=&#8221;|700|||||||&#8221; header_4_text_color=&#8221;#0159a3&#8243; header_4_font_size=&#8221;20px&#8221; header_4_line_height=&#8221;1.7em&#8221; background_color=&#8221;#f5f9fb&#8221; text_orientation=&#8221;center&#8221; custom_margin=&#8221;|||&#8221; custom_padding=&#8221;60px|40px|60px|40px&#8221; animation_style=&#8221;slide&#8221; animation_direction=&#8221;bottom&#8221; animation_intensity_slide=&#8221;20%&#8221; animation_starting_opacity=&#8221;100%&#8221; global_colors_info=&#8221;{}&#8221;]<\/p>\n<h4>Parachutisme <\/h4>\n<p>Ceux qui conduisent la circulation routi\u00e9re Babada\u011f dans  Fethiye \u00f6l\u00fcdeniz, ce qui est l\u2019une des meilleures fa\u00e7ons du saute en parachute dans le monde.<br \/>\nChaque ann\u00e9e les amoureux d\u2019aventure de la turquie et du monde entier profitent de la pouss\u00e9e d\u2019adr\u00e9naline  dans le ciel en regardant la couleur bleu d\u2019\u00f6l\u00fcdeniz avec ses diff\u00e9rentes tones .[\/et_pb_text][\/et_pb_column][\/et_pb_row][et_pb_row column_structure=&#8221;1_2,1_2&#8243; use_custom_gutter=&#8221;on&#8221; gutter_width=&#8221;1&#8243; admin_label=&#8221;illustration_information&#8221; module_id=&#8221;tekne&#8221; _builder_version=&#8221;4.16&#8243; custom_margin=&#8221;|||&#8221; custom_padding=&#8221;0px|0px|100px|0px&#8221; global_colors_info=&#8221;{}&#8221;][et_pb_column type=&#8221;1_2&#8243; _builder_version=&#8221;4.16&#8243; custom_padding=&#8221;5%|||&#8221; global_colors_info=&#8221;{}&#8221; custom_padding__hover=&#8221;|||&#8221;][et_pb_image src=&#8221;https:\/\/zehragrup.com\/wp-content\/uploads\/2021\/01\/zehra-hotel-oludeniz-tekne.jpg&#8221; alt=&#8221;A\u00e7\u0131k Deniz \u00dczerinde Kahverengi Tekne&#8221; title_text=&#8221;zehra-hotel-oludeniz-tekne&#8221; force_fullwidth=&#8221;on&#8221; align_tablet=&#8221;center&#8221; align_phone=&#8221;&#8221; align_last_edited=&#8221;on|desktop&#8221; _builder_version=&#8221;4.16&#8243; animation_style=&#8221;slide&#8221; animation_direction=&#8221;top&#8221; animation_intensity_slide=&#8221;10%&#8221; animation_starting_opacity=&#8221;100%&#8221; global_colors_info=&#8221;{}&#8221;][\/et_pb_image][\/et_pb_column][et_pb_column type=&#8221;1_2&#8243; _builder_version=&#8221;4.16&#8243; background_enable_image=&#8221;off&#8221; background_size=&#8221;initial&#8221; background_position=&#8221;bottom_center&#8221; custom_padding=&#8221;||100px|&#8221; global_colors_info=&#8221;{}&#8221; custom_padding__hover=&#8221;|||&#8221;][et_pb_text _builder_version=&#8221;4.16&#8243; text_font=&#8221;||||||||&#8221; text_text_color=&#8221;#7e7f94&#8243; text_font_size=&#8221;15px&#8221; text_line_height=&#8221;1.9em&#8221; header_font=&#8221;||||||||&#8221; header_2_font=&#8221;|600|||||||&#8221; header_2_text_color=&#8221;#7272ff&#8221; header_2_font_size=&#8221;19px&#8221; header_4_font=&#8221;|700|||||||&#8221; header_4_text_color=&#8221;#0159a3&#8243; header_4_font_size=&#8221;20px&#8221; header_4_line_height=&#8221;1.7em&#8221; background_color=&#8221;#f5f9fb&#8221; text_orientation=&#8221;center&#8221; custom_margin=&#8221;|||&#8221; custom_padding=&#8221;60px|40px|60px|40px&#8221; animation_style=&#8221;slide&#8221; animation_direction=&#8221;bottom&#8221; animation_intensity_slide=&#8221;20%&#8221; animation_starting_opacity=&#8221;100%&#8221; global_colors_info=&#8221;{}&#8221;]<\/p>\n<h4>Excursions bateaux<\/h4>\n<p>En rejoignant le tour des 12 iles de fethiye, vous pouvez visiter la grotte bleu, la\u00a0 baie d\u2019eau froid\u00a0 , l\u2019ile de Nicholas , la mer de deve ( mer de chameau) , la crique d&#8217;aquarium, et la vall\u00e9e des papillons.<\/p>\n<p>Le temps de d\u00e9part est 11:30, la fin de tour est 17:30.\u00a0 Les arrets de tour sont : la crique d&#8217;aquarium , l&#8217;ile plate , l&#8217;ile rouge, l&#8217;ile de g\u00f6cek et Rabbit<\/p>\n<p>[\/et_pb_text][\/et_pb_column][\/et_pb_row][et_pb_row column_structure=&#8221;1_2,1_2&#8243; use_custom_gutter=&#8221;on&#8221; gutter_width=&#8221;1&#8243; admin_label=&#8221;illustration_information&#8221; module_id=&#8221;rafting&#8221; _builder_version=&#8221;4.16&#8243; custom_margin=&#8221;|||&#8221; custom_padding=&#8221;0px|0px|100px|0px&#8221; global_colors_info=&#8221;{}&#8221;][et_pb_column type=&#8221;1_2&#8243; _builder_version=&#8221;4.16&#8243; custom_padding=&#8221;5%|||&#8221; global_colors_info=&#8221;{}&#8221; custom_padding__hover=&#8221;|||&#8221;][et_pb_image src=&#8221;https:\/\/zehragrup.com\/wp-content\/uploads\/2021\/01\/zehra-hotel-atv-rafting.jpg&#8221; alt=&#8221;zehra-hotel-atv-rafting&#8221; title_text=&#8221;zehra-hotel-atv-rafting&#8221; force_fullwidth=&#8221;on&#8221; align_tablet=&#8221;center&#8221; align_phone=&#8221;&#8221; align_last_edited=&#8221;on|desktop&#8221; _builder_version=&#8221;4.16&#8243; animation_style=&#8221;slide&#8221; animation_direction=&#8221;top&#8221; animation_intensity_slide=&#8221;10%&#8221; animation_starting_opacity=&#8221;100%&#8221; global_colors_info=&#8221;{}&#8221;][\/et_pb_image][\/et_pb_column][et_pb_column type=&#8221;1_2&#8243; _builder_version=&#8221;4.16&#8243; background_enable_image=&#8221;off&#8221; background_size=&#8221;initial&#8221; background_position=&#8221;bottom_center&#8221; custom_padding=&#8221;||100px|&#8221; global_colors_info=&#8221;{}&#8221; custom_padding__hover=&#8221;|||&#8221;][et_pb_text _builder_version=&#8221;4.16&#8243; text_font=&#8221;||||||||&#8221; text_text_color=&#8221;#7e7f94&#8243; text_font_size=&#8221;15px&#8221; text_line_height=&#8221;1.9em&#8221; header_font=&#8221;||||||||&#8221; header_2_font=&#8221;|600|||||||&#8221; header_2_text_color=&#8221;#7272ff&#8221; header_2_font_size=&#8221;19px&#8221; header_4_font=&#8221;|700|||||||&#8221; header_4_text_color=&#8221;#0159a3&#8243; header_4_font_size=&#8221;20px&#8221; header_4_line_height=&#8221;1.7em&#8221; background_color=&#8221;#f5f9fb&#8221; text_orientation=&#8221;center&#8221; custom_margin=&#8221;|||&#8221; custom_padding=&#8221;60px|40px|60px|40px&#8221; animation_style=&#8221;slide&#8221; animation_direction=&#8221;bottom&#8221; animation_intensity_slide=&#8221;20%&#8221; animation_starting_opacity=&#8221;100%&#8221; global_colors_info=&#8221;{}&#8221;]<\/p>\n<h4>Rafting<\/h4>\n<p>L&#8217;occasion de sentir l&#8217;adrenaline dans les eaux froides qui coulent de la vall\u00e9e[\/et_pb_text][\/et_pb_column][\/et_pb_row][et_pb_row column_structure=&#8221;1_2,1_2&#8243; use_custom_gutter=&#8221;on&#8221; gutter_width=&#8221;1&#8243; admin_label=&#8221;illustration_information&#8221; module_id=&#8221;saklikent&#8221; _builder_version=&#8221;4.16&#8243; custom_margin=&#8221;|||&#8221; custom_padding=&#8221;0px|0px|100px|0px&#8221; global_colors_info=&#8221;{}&#8221;][et_pb_column type=&#8221;1_2&#8243; _builder_version=&#8221;4.16&#8243; custom_padding=&#8221;5%|||&#8221; global_colors_info=&#8221;{}&#8221; custom_padding__hover=&#8221;|||&#8221;][et_pb_image src=&#8221;https:\/\/zehragrup.com\/wp-content\/uploads\/2021\/01\/zehra-hotel-saklikent.jpg&#8221; alt=&#8221;Zehra Otel Sakl\u0131kent&#8221; title_text=&#8221;Zehra Otel Sakl\u0131kent&#8221; force_fullwidth=&#8221;on&#8221; align_tablet=&#8221;center&#8221; align_phone=&#8221;&#8221; align_last_edited=&#8221;on|desktop&#8221; _builder_version=&#8221;4.16&#8243; animation_style=&#8221;slide&#8221; animation_direction=&#8221;top&#8221; animation_intensity_slide=&#8221;10%&#8221; animation_starting_opacity=&#8221;100%&#8221; global_colors_info=&#8221;{}&#8221;][\/et_pb_image][\/et_pb_column][et_pb_column type=&#8221;1_2&#8243; _builder_version=&#8221;4.16&#8243; background_enable_image=&#8221;off&#8221; background_size=&#8221;initial&#8221; background_position=&#8221;bottom_center&#8221; custom_padding=&#8221;||100px|&#8221; global_colors_info=&#8221;{}&#8221; custom_padding__hover=&#8221;|||&#8221;][et_pb_text _builder_version=&#8221;4.16&#8243; text_font=&#8221;||||||||&#8221; text_text_color=&#8221;#7e7f94&#8243; text_font_size=&#8221;15px&#8221; text_line_height=&#8221;1.9em&#8221; header_font=&#8221;||||||||&#8221; header_2_font=&#8221;|600|||||||&#8221; header_2_text_color=&#8221;#7272ff&#8221; header_2_font_size=&#8221;19px&#8221; header_4_font=&#8221;|700|||||||&#8221; header_4_text_color=&#8221;#0159a3&#8243; header_4_font_size=&#8221;20px&#8221; header_4_line_height=&#8221;1.7em&#8221; background_color=&#8221;#f5f9fb&#8221; text_orientation=&#8221;center&#8221; custom_margin=&#8221;|||&#8221; custom_padding=&#8221;60px|40px|60px|40px&#8221; animation_style=&#8221;slide&#8221; animation_direction=&#8221;bottom&#8221; animation_intensity_slide=&#8221;20%&#8221; animation_starting_opacity=&#8221;100%&#8221; global_colors_info=&#8221;{}&#8221;]<\/p>\n<h4>Sakl\u0131kent * la ville cach\u00e9e*<\/h4>\n<p>Malgr\u00e9 il y a beaucoup de place \u00e0 visiter et \u00e0 voir \u00e0 Fethiye, la ville cach\u00e9e est l&#8217;un des plus importants places qu\u2019elle ne doit pas etre rat\u00e9e \u00e0 cause de sa rivi\u00e8re . Sa rivi\u00e8re a \u00e9t\u00e9 d\u00e9couverte par un berger il y&#8217;a 26 ans. Elle donne une image mousseuse vue que la neige fond dans les montagnes et s&#8217;\u00e9coule dans la rivi\u00e8re. c&#8217;est pour cela , Meme dans les p\u00e9rides les plus chaudes , l&#8217;eau est toujours froides[\/et_pb_text][\/et_pb_column][\/et_pb_row][\/et_pb_section]<\/p>\n","protected":false},"excerpt":{"rendered":"<p>Activit\u00e9Parachutisme Ceux qui conduisent la circulation routi\u00e9re Babada\u011f dans Fethiye \u00f6l\u00fcdeniz, ce qui est l\u2019une des meilleures fa\u00e7ons du saute en parachute dans le monde. Chaque ann\u00e9e les amoureux d\u2019aventure de la turquie et du monde entier profitent de la pouss\u00e9e d\u2019adr\u00e9naline dans le ciel en regardant la couleur bleu d\u2019\u00f6l\u00fcdeniz avec ses diff\u00e9rentes tones [&hellip;]<\/p>\n","protected":false},"author":1,"featured_media":0,"parent":0,"menu_order":0,"comment_status":"closed","ping_status":"closed","template":"","meta":{"_et_pb_use_builder":"on","_et_pb_old_content":"","_et_gb_content_width":"","footnotes":""},"class_list":["post-12252","page","type-page","status-publish","hentry"],"_links":{"self":[{"href":"https:\/\/www.zehragrup.com\/fr\/wp-json\/wp\/v2\/pages\/12252","targetHints":{"allow":["GET"]}}],"collection":[{"href":"https:\/\/www.zehragrup.com\/fr\/wp-json\/wp\/v2\/pages"}],"about":[{"href":"https:\/\/www.zehragrup.com\/fr\/wp-json\/wp\/v2\/types\/page"}],"author":[{"embeddable":true,"href":"https:\/\/www.zehragrup.com\/fr\/wp-json\/wp\/v2\/users\/1"}],"replies":[{"embeddable":true,"href":"https:\/\/www.zehragrup.com\/fr\/wp-json\/wp\/v2\/comments?post=12252"}],"version-history":[{"count":0,"href":"https:\/\/www.zehragrup.com\/fr\/wp-json\/wp\/v2\/pages\/12252\/revisions"}],"wp:attachment":[{"href":"https:\/\/www.zehragrup.com\/fr\/wp-json\/wp\/v2\/media?parent=12252"}],"curies":[{"name":"wp","href":"https:\/\/api.w.org\/{rel}","templated":true}]}}