{"id":12265,"date":"2021-05-25T22:14:33","date_gmt":"2021-05-25T22:14:33","guid":{"rendered":"https:\/\/zehragrup.com\/ladies-beach\/"},"modified":"2023-07-13T12:01:29","modified_gmt":"2023-07-13T12:01:29","slug":"plage-pour-femme","status":"publish","type":"page","link":"https:\/\/www.zehragrup.com\/fr\/plage-pour-femme\/","title":{"rendered":"PLAGE POUR FEMME"},"content":{"rendered":"<p>[et_pb_section fb_built=&#8221;1&#8243; _builder_version=&#8221;4.19.4&#8243; _module_preset=&#8221;default&#8221; custom_padding=&#8221;0px||0px||true|false&#8221; locked=&#8221;off&#8221; global_colors_info=&#8221;{}&#8221;][et_pb_row _builder_version=&#8221;4.16&#8243; _module_preset=&#8221;default&#8221; width=&#8221;100%&#8221; max_width=&#8221;100%&#8221; custom_padding=&#8221;0px||0px||true|false&#8221; global_colors_info=&#8221;{}&#8221;][et_pb_column type=&#8221;4_4&#8243; _builder_version=&#8221;4.16&#8243; _module_preset=&#8221;default&#8221; global_colors_info=&#8221;{}&#8221;][et_pb_text _builder_version=&#8221;4.19.4&#8243; _module_preset=&#8221;default&#8221; global_colors_info=&#8221;{}&#8221;]<\/p>\n\n\t\t\t\t<p class=\"rs-p-wp-fix\"><\/p>\n\t\t\t\t<sr7-module data-alias=\"slider-bayanlarplaji-fr-1\" data-id=\"34\" id=\"SR7_34_1\" class=\"rs-ov-hidden\" data-version=\"6.7.3\">\n\t\t\t\t\t<sr7-adjuster><\/sr7-adjuster>\n\t\t\t\t\t<sr7-content>\n\t\t\t\t\t\t<sr7-slide id=\"SR7_34_1-54\" data-key=\"54\">\n\t\t\t\t\t\t\t<sr7-txt id=\"SR7_34_1-54-1\" class=\"sr7-layer\"><span style=\"font-weight:100\">PLAGE PRIV\u00c9E<\/span><\/sr7-txt>\n\t\t\t\t\t\t\t<sr7-txt id=\"SR7_34_1-54-2\" class=\"sr7-layer\">Zehra Kuleli Beach offre un excellent service de vacances \u00e0 ceux qui veulent passer des vacances \u00e0 Fethiye dans un environnement paisible sp\u00e9cialement con\u00e7u pour les femmes.<\/sr7-txt>\n\t\t\t\t\t\t\t<sr7-txt id=\"SR7_34_1-54-3\" class=\"sr7-layer\">AUX DAMES<\/sr7-txt>\n\t\t\t\t\t\t<\/sr7-slide>\n\t\t\t\t\t\t<sr7-slide id=\"SR7_34_1-55\" data-key=\"55\">\n\t\t\t\t\t\t\t<sr7-txt id=\"SR7_34_1-55-1\" class=\"sr7-layer\"><span style=\"font-weight:100\">PREMIER H\u00d4TEL POUR FEMMES AVEC PLAGE <\/span><\/sr7-txt>\n\t\t\t\t\t\t\t<sr7-txt id=\"SR7_34_1-55-2\" class=\"sr7-layer\">Une premi\u00e8re en Turquie et \u00e0 Fethiye ! Plage pour les dames ! Notre plage, situ\u00e9e au milieu des for\u00eats de pins, \u00e0 des plages hommes-femmes et des plages familiales s\u00e9par\u00e9es.<\/sr7-txt>\n\t\t\t\t\t\t\t<sr7-txt id=\"SR7_34_1-55-3\" class=\"sr7-layer\">Fethiye<\/sr7-txt>\n\t\t\t\t\t\t<\/sr7-slide>\n\t\t\t\t\t\t<sr7-slide id=\"SR7_34_1-91\" data-key=\"91\">\n\t\t\t\t\t\t<\/sr7-slide>\n\t\t\t\t\t<\/sr7-content>\n\t\t\t\t\t<image_lists style=\"display:none\">\n\t\t\t\t\t\t<img data-src=\"\/\/zehragrup.com\/wp-content\/uploads\/2023\/01\/Bayanlar-Plaji-scaled.jpg\" alt=\"cdn_helper\" data-libid=\"15387\" width=\"0\" height=\"0\" data-dbsrc=\"Ly96ZWhyYWdydXAuY29tL3dwLWNvbnRlbnQvdXBsb2Fkcy8yMDIzLzAxL0JheWFubGFyLVBsYWppLXNjYWxlZC5qcGc=\"\/>\n\t\t\t\t\t\t<img data-src=\"\/\/zehragrup.com\/wp-content\/uploads\/2021\/01\/fethiye-kuleli-beach-zehra-scaled.jpg\" alt=\"cdn_helper\" data-libid=\"15581\" width=\"0\" height=\"0\" data-dbsrc=\"Ly96ZWhyYWdydXAuY29tL3dwLWNvbnRlbnQvdXBsb2Fkcy8yMDIxLzAxL2ZldGhpeWUta3VsZWxpLWJlYWNoLXplaHJhLXNjYWxlZC5qcGc=\"\/>\n\t\t\t\t\t<\/image_lists>\n\t\t\t\t<\/sr7-module>\n\t\t\t\t<script>\n\t\t\t\t\tSR7.PMH ??={}; SR7.PMH[\"SR7_34_1\"] = {cn:0,state:false,fn: function() { if (_tpt!==undefined && _tpt.prepareModuleHeight !== undefined) {  _tpt.prepareModuleHeight({id:\"SR7_34_1\",el:[1080,1080,1080,1080,500],type:'standard',shdw:'0',gh:[1080,1080,1080,1080,500],gw:[1920,1920,1920,1920,480],vpt:['100px&#039;,&#039;100px&#039;,&#039;100px&#039;,&#039;100px&#039;,&#039;100px'],size:{fullWidth:true, fullHeight:false},mh:'0',onh:0,onw:0,bg:{color:'{\"orig\":\"transparent\",\"type\":\"solid\",\"string\":\"transparent\"}'}});   SR7.PMH[\"SR7_34_1\"].state=true;} else if((SR7.PMH[\"SR7_34_1\"].cn++)<100)\tsetTimeout( SR7.PMH[\"SR7_34_1\"].fn,19);}};SR7.PMH[\"SR7_34_1\" ].fn();\n\t\t\t\t<\/script>\n\n<p>[\/et_pb_text][\/et_pb_column][\/et_pb_row][\/et_pb_section][et_pb_section fb_built=&#8221;1&#8243; _builder_version=&#8221;4.16&#8243; _module_preset=&#8221;default&#8221; custom_padding=&#8221;1px||5px|||&#8221; global_colors_info=&#8221;{}&#8221;][et_pb_row column_structure=&#8221;1_2,1_2&#8243; use_custom_gutter=&#8221;on&#8221; gutter_width=&#8221;2&#8243; disabled_on=&#8221;off|off|off&#8221; _builder_version=&#8221;4.16&#8243; _module_preset=&#8221;default&#8221; width=&#8221;100%&#8221; max_width=&#8221;1140px&#8221; global_colors_info=&#8221;{}&#8221;][et_pb_column type=&#8221;1_2&#8243; _builder_version=&#8221;4.16&#8243; _module_preset=&#8221;default&#8221; global_colors_info=&#8221;{}&#8221;][et_pb_text _builder_version=&#8221;4.19.4&#8243; _module_preset=&#8221;default&#8221; hover_enabled=&#8221;0&#8243; locked=&#8221;off&#8221; global_colors_info=&#8221;{}&#8221; sticky_enabled=&#8221;0&#8243;]<iframe width=\"560\" height=\"315\" src=\"https:\/\/www.youtube.com\/embed\/T_QOdATVkZY\" title=\"YouTube video player\" frameborder=\"0\" allow=\"accelerometer; autoplay; clipboard-write; encrypted-media; gyroscope; picture-in-picture\" allowfullscreen=\"\"><\/iframe>[\/et_pb_text][\/et_pb_column][et_pb_column type=&#8221;1_2&#8243; _builder_version=&#8221;4.16&#8243; _module_preset=&#8221;default&#8221; global_colors_info=&#8221;{}&#8221;][et_pb_text _builder_version=&#8221;4.19.4&#8243; _module_preset=&#8221;default&#8221; text_font=&#8221;||||||||&#8221; text_line_height=&#8221;1.8em&#8221; header_text_color=&#8221;#0159a3&#8243; header_font_size=&#8221;32px&#8221; header_line_height=&#8221;1.3em&#8221; header_2_font=&#8221;|600|||||||&#8221; header_2_text_color=&#8221;#0159a3&#8243; header_2_font_size=&#8221;32px&#8221; header_2_line_height=&#8221;1.3em&#8221; width=&#8221;100%&#8221; custom_margin=&#8221;1%||||false|false&#8221; custom_padding_tablet=&#8221;&#8221; custom_padding_phone=&#8221;|15px||15px|false|false&#8221; custom_padding_last_edited=&#8221;on|phone&#8221; global_colors_info=&#8221;{}&#8221;]<\/p>\n<h1>la plage de Zehra Kuleli<\/h1>\n<p><span>la plage de Zehra Kuleli ; Il est situ\u00e9 dans l&#8217;une des plus belles baies de Fethiye et il est peu probable qu&#8217;elle soit vue des environs car il se trouve parmi les for\u00eats de pins. Notre baie est une plage enti\u00e8rement sablonneuse et une mer peu profonde; Conservateur et adapt\u00e9 \u00e0 votre sensibilit\u00e9 islamique, le concept halal Beach propose des services sp\u00e9cialement con\u00e7us pour les hommes, les femmes et vos familles \u00e0 Mu\u011fla \/ Fethiye. Zehra Kuleli Beach, qui est la seule plage pour femmes de la r\u00e9gion dans le cadre des h\u00f4tels du groupe Zehra, a \u00e9t\u00e9 pr\u00e9sent\u00e9e \u00e0 nos estim\u00e9s invit\u00e9s. La plage de Zehra Kuleli est l&#8217;une des options de vacances inoubliables avec sa zone de baignade s\u00e9par\u00e9e pour les hommes et les femmes, sa zone de baignade pour les familles, son restaurant \u00e0 la carte, son aire de pique-nique et son espace de divertissement pour les enfants<br \/>Toutes les installations sont disponibles pour que nos clients passent du temps toute la journ\u00e9e. Des plages s\u00e9par\u00e9es sont positionn\u00e9es pour les hommes, les femmes et les familles.<br \/>De plus, pour plus d&#8217;intimit\u00e9 dans la zone de baignade familiale, les femmes peuvent nager dans la section familiale si elles portent longs v\u00eatements de mer.<br \/><\/span><\/p>\n<p>[\/et_pb_text][\/et_pb_column][\/et_pb_row][\/et_pb_section][et_pb_section fb_built=&#8221;1&#8243; module_class=&#8221;yaprak&#8221; _builder_version=&#8221;4.16&#8243; _module_preset=&#8221;default&#8221; background_color=&#8221;#f2f2f2&#8243; background_enable_image=&#8221;off&#8221; background_size=&#8221;contain&#8221; background_position=&#8221;top_right&#8221; custom_padding=&#8221;29px||36px|||&#8221; background_last_edited=&#8221;on|desktop&#8221; background_enable_image_phone=&#8221;off&#8221; global_colors_info=&#8221;{}&#8221;][et_pb_row column_structure=&#8221;1_2,1_2&#8243; use_custom_gutter=&#8221;on&#8221; gutter_width=&#8221;2&#8243; make_equal=&#8221;on&#8221; disabled_on=&#8221;off|off|off&#8221; _builder_version=&#8221;4.16&#8243; _module_preset=&#8221;default&#8221; width=&#8221;100%&#8221; max_width=&#8221;1140px&#8221; global_colors_info=&#8221;{}&#8221;][et_pb_column type=&#8221;1_2&#8243; _builder_version=&#8221;4.16&#8243; _module_preset=&#8221;default&#8221; global_colors_info=&#8221;{}&#8221;][et_pb_text _builder_version=&#8221;4.19.4&#8243; _module_preset=&#8221;default&#8221; text_font=&#8221;||||||||&#8221; text_font_size=&#8221;15px&#8221; text_line_height=&#8221;1.8em&#8221; header_2_font=&#8221;|600|||||||&#8221; header_2_text_color=&#8221;#0159a3&#8243; header_2_font_size=&#8221;31px&#8221; header_2_line_height=&#8221;1.3em&#8221; width=&#8221;100%&#8221; custom_margin=&#8221;1%||||false|false&#8221; custom_padding_tablet=&#8221;&#8221; custom_padding_phone=&#8221;|15px||15px|false|false&#8221; custom_padding_last_edited=&#8221;on|phone&#8221; global_colors_info=&#8221;{}&#8221;]<\/p>\n<h2>Hotel avec une plage pour femme <span style=\"font-weight: 400;\"> \u00e0 fethiye<\/span><\/h2>\n<p><strong><span>H\u00f4tels du groupe Zehra ; <\/span><\/strong><span>; vous offre des services et des installations adapt\u00e9s \u00e0 votre sensibilit\u00e9 conservatrice et islamique, car il s&#8217;agit d&#8217;un h\u00f4tel familial tout compris au concept halal. Et nous vous offrons \u00e9galement la seule plage r\u00e9serv\u00e9e aux femmes de la r\u00e9gion.<\/span><\/p>\n<p><span>La plage de Zehra Kuleli, qui dispose d&#8217;une zone de baignade s\u00e9par\u00e9e pour les hommes et les femmes, ainsi une zone de baignade familiale, est l&#8217;une des options pour des vacances inoubliables avec son restaurant \u00e0 la carte et son espace barbecue, son espace de divertissement pour les enfants. En tant qu&#8217;h\u00f4tels du groupe Zehra, c&#8217;est l&#8217;un des principaux \u00e9tablissements de Turquie et de Fethiye, pr\u00e9f\u00e9r\u00e9 des familles conservatrices avec son concept Halal, sa piscine s\u00e9par\u00e9e pour les hommes et les femmes et son service de sauna turc. En tant qu&#8217;h\u00f4tels du groupe Zehra, nous sommes heureux d&#8217;\u00eatre l&#8217;un des rares h\u00f4tels \u00e0 offrir une atmosph\u00e8re familiale en Turquie et \u00e0 Fethiye.<\/span><\/p>\n<p>[\/et_pb_text][\/et_pb_column][et_pb_column type=&#8221;1_2&#8243; _builder_version=&#8221;4.16&#8243; _module_preset=&#8221;default&#8221; global_colors_info=&#8221;{}&#8221;][et_pb_gallery gallery_ids=&#8221;16863,16858,16853,16848,16843,16838,16833,16828,16818,16813,16808,16803,16798&#8243; gallery_orderby=&#8221;rand&#8221; show_title_and_caption=&#8221;off&#8221; show_pagination=&#8221;off&#8221; disabled_on=&#8221;on|off|off&#8221; _builder_version=&#8221;4.19.4&#8243; _module_preset=&#8221;default&#8221; locked=&#8221;off&#8221; global_colors_info=&#8221;{}&#8221;][\/et_pb_gallery][\/et_pb_column][\/et_pb_row][\/et_pb_section][et_pb_section fb_built=&#8221;1&#8243; _builder_version=&#8221;4.16&#8243; _module_preset=&#8221;default&#8221; custom_padding=&#8221;||112px|||&#8221; locked=&#8221;off&#8221; global_colors_info=&#8221;{}&#8221;][et_pb_row column_structure=&#8221;1_2,1_2&#8243; custom_padding_last_edited=&#8221;on|phone&#8221; _builder_version=&#8221;4.16&#8243; _module_preset=&#8221;default&#8221; width=&#8221;100%&#8221; max_width=&#8221;1140px&#8221; custom_padding_tablet=&#8221;&#8221; custom_padding_phone=&#8221;|15px||15px|false|false&#8221; global_colors_info=&#8221;{}&#8221;][et_pb_column type=&#8221;1_2&#8243; _builder_version=&#8221;4.16&#8243; _module_preset=&#8221;default&#8221; global_colors_info=&#8221;{}&#8221;][et_pb_image src=&#8221;https:\/\/zehragrup.com\/wp-content\/uploads\/2023\/02\/Fethiye-mavi-deniz-kadinlar-plaji.jpg&#8221; alt=&#8221;Fethiye Mavi deniz Kad\u0131nlar plaj\u0131 sahili&#8221; title_text=&#8221;Fethiye-mavi-deniz-kadinlar-plaji&#8221; _builder_version=&#8221;4.19.4&#8243; _module_preset=&#8221;default&#8221; border_radii=&#8221;on|10px|10px|10px|10px&#8221; box_shadow_style=&#8221;preset1&#8243; box_shadow_blur=&#8221;9px&#8221; global_colors_info=&#8221;{}&#8221;][\/et_pb_image][\/et_pb_column][et_pb_column type=&#8221;1_2&#8243; _builder_version=&#8221;4.16&#8243; _module_preset=&#8221;default&#8221; global_colors_info=&#8221;{}&#8221;][et_pb_text _builder_version=&#8221;4.19.4&#8243; _module_preset=&#8221;default&#8221; header_2_font=&#8221;|700|||||||&#8221; header_2_text_color=&#8221;#0159a3&#8243; header_2_font_size=&#8221;28px&#8221; header_2_line_height=&#8221;0.6em&#8221; header_3_text_align=&#8221;left&#8221; header_3_text_color=&#8221;#0159a3&#8243; header_3_font_size=&#8221;30px&#8221; text_orientation=&#8221;justified&#8221; custom_margin=&#8221;42px||23px|||&#8221; custom_padding=&#8221;0px||||false|false&#8221; header_2_line_height_tablet=&#8221;&#8221; header_2_line_height_phone=&#8221;1.1em&#8221; header_2_line_height_last_edited=&#8221;on|phone&#8221; global_colors_info=&#8221;{}&#8221;]<\/p>\n<h3>Groupe zehra hotels &amp; villas<\/h3>\n<h3>Ladies Beach<\/h3>\n<p>[\/et_pb_text][et_pb_text _builder_version=&#8221;4.16&#8243; _module_preset=&#8221;default&#8221; header_2_font=&#8221;|700|||||||&#8221; header_2_text_color=&#8221;#0159a3&#8243; header_2_font_size=&#8221;28px&#8221; header_2_line_height=&#8221;0.6em&#8221; header_3_text_align=&#8221;left&#8221; header_3_text_color=&#8221;#0159a3&#8243; header_3_font_size=&#8221;30px&#8221; text_orientation=&#8221;justified&#8221; custom_margin=&#8221;-12px|||||&#8221; custom_padding=&#8221;0px||||false|false&#8221; global_colors_info=&#8221;{}&#8221;]<\/p>\n<p>Nous proposons des produits viande Halal dans notre syst\u00e8me tout compris. Nous sommes fiers et heureux de faire partie de votre plan de vacances et de faire partie de notre famille Zehra.<\/p>\n<p>[\/et_pb_text][\/et_pb_column][\/et_pb_row][et_pb_row module_class=&#8221;yaprak-sol-alt&#8221; _builder_version=&#8221;4.16&#8243; _module_preset=&#8221;default&#8221; global_colors_info=&#8221;{}&#8221;][et_pb_column type=&#8221;4_4&#8243; _builder_version=&#8221;4.16&#8243; _module_preset=&#8221;default&#8221; global_colors_info=&#8221;{}&#8221;][et_pb_image src=&#8221;https:\/\/zehragrup.com\/wp-content\/uploads\/2022\/05\/yaprak-bottom-right.png&#8221; alt=&#8221;ye\u015fil yaprak&#8221; title_text=&#8221;yaprak-bottom-right&#8221; _builder_version=&#8221;4.16&#8243; _module_preset=&#8221;default&#8221; transform_rotate=&#8221;0deg|0deg|90deg&#8221; positioning=&#8221;absolute&#8221; position_origin_a=&#8221;bottom_left&#8221; vertical_offset=&#8221;-525px&#8221; horizontal_offset=&#8221;-376px&#8221; z_index=&#8221;999&#8243; width=&#8221;100%&#8221; global_colors_info=&#8221;{}&#8221;][\/et_pb_image][\/et_pb_column][\/et_pb_row][\/et_pb_section][et_pb_section fb_built=&#8221;1&#8243; _builder_version=&#8221;4.19.4&#8243; _module_preset=&#8221;default&#8221; background_color=&#8221;#f2f7fd&#8221; custom_padding=&#8221;||5px|||&#8221; locked=&#8221;off&#8221; global_colors_info=&#8221;{}&#8221;][et_pb_row _builder_version=&#8221;4.19.4&#8243; _module_preset=&#8221;default&#8221; custom_padding=&#8221;37px||13px||false|false&#8221; border_width_top=&#8221;1px&#8221; border_color_top=&#8221;#dddddd&#8221; global_colors_info=&#8221;{}&#8221;][et_pb_column type=&#8221;4_4&#8243; _builder_version=&#8221;4.19.4&#8243; _module_preset=&#8221;default&#8221; global_colors_info=&#8221;{}&#8221;][et_pb_text _builder_version=&#8221;4.19.4&#8243; _module_preset=&#8221;default&#8221; custom_margin=&#8221;||-1px|||&#8221; border_radii=&#8221;on|3px|3px|3px|3px&#8221; box_shadow_style=&#8221;preset1&#8243; global_colors_info=&#8221;{}&#8221;]<iframe src=\"https:\/\/www.google.com\/maps\/embed?pb=!1m17!1m12!1m3!1d3201.335236872562!2d29.07711800000001!3d36.642385!2m3!1f0!2f0!3f0!3m2!1i1024!2i768!4f13.1!3m2!1m1!2zMzbCsDM4JzMyLjYiTiAyOcKwMDQnMzcuNiJF!5e0!3m2!1str!2str!4v1677484399699!5m2!1str!2str\" width=\"100%\" height=\"250\" style=\"padding-bottom: 0px; margin-bottom: -7px; border: 0;\" allowfullscreen=\"\" loading=\"lazy\" referrerpolicy=\"no-referrer-when-downgrade\"><\/iframe>[\/et_pb_text][\/et_pb_column][\/et_pb_row][\/et_pb_section]<\/p>\n","protected":false},"excerpt":{"rendered":"<p>\n\t\t\t\t<p class=\"rs-p-wp-fix\"><\/p>\n\t\t\t\t<sr7-module data-alias=\"slider-bayanlarplaji-fr-1\" data-id=\"34\" id=\"SR7_34_2\" class=\"rs-ov-hidden\" data-version=\"6.7.3\">\n\t\t\t\t\t<sr7-adjuster><\/sr7-adjuster>\n\t\t\t\t\t<sr7-content>\n\t\t\t\t\t\t<sr7-slide id=\"SR7_34_2-54\" data-key=\"54\">\n\t\t\t\t\t\t\t<sr7-txt id=\"SR7_34_2-54-1\" class=\"sr7-layer\"><span style=\"font-weight:100\">PLAGE PRIV\u00c9E<\/span><\/sr7-txt>\n\t\t\t\t\t\t\t<sr7-txt id=\"SR7_34_2-54-2\" class=\"sr7-layer\">Zehra Kuleli Beach offre un excellent service de vacances \u00e0 ceux qui veulent passer des vacances \u00e0 Fethiye dans un environnement paisible sp\u00e9cialement con\u00e7u pour les femmes.<\/sr7-txt>\n\t\t\t\t\t\t\t<sr7-txt id=\"SR7_34_2-54-3\" class=\"sr7-layer\">AUX DAMES<\/sr7-txt>\n\t\t\t\t\t\t<\/sr7-slide>\n\t\t\t\t\t\t<sr7-slide id=\"SR7_34_2-55\" data-key=\"55\">\n\t\t\t\t\t\t\t<sr7-txt id=\"SR7_34_2-55-1\" class=\"sr7-layer\"><span style=\"font-weight:100\">PREMIER H\u00d4TEL POUR FEMMES AVEC PLAGE <\/span><\/sr7-txt>\n\t\t\t\t\t\t\t<sr7-txt id=\"SR7_34_2-55-2\" class=\"sr7-layer\">Une premi\u00e8re en Turquie et \u00e0 Fethiye ! Plage pour les dames ! Notre plage, situ\u00e9e au milieu des for\u00eats de pins, \u00e0 des plages hommes-femmes et des plages familiales s\u00e9par\u00e9es.<\/sr7-txt>\n\t\t\t\t\t\t\t<sr7-txt id=\"SR7_34_2-55-3\" class=\"sr7-layer\">Fethiye<\/sr7-txt>\n\t\t\t\t\t\t<\/sr7-slide>\n\t\t\t\t\t\t<sr7-slide id=\"SR7_34_2-91\" data-key=\"91\">\n\t\t\t\t\t\t<\/sr7-slide>\n\t\t\t\t\t<\/sr7-content>\n\t\t\t\t\t<image_lists style=\"display:none\">\n\t\t\t\t\t\t<img data-src=\"\/\/zehragrup.com\/wp-content\/uploads\/2023\/01\/Bayanlar-Plaji-scaled.jpg\" alt=\"cdn_helper\" data-libid=\"15387\" width=\"0\" height=\"0\" data-dbsrc=\"Ly96ZWhyYWdydXAuY29tL3dwLWNvbnRlbnQvdXBsb2Fkcy8yMDIzLzAxL0JheWFubGFyLVBsYWppLXNjYWxlZC5qcGc=\"\/>\n\t\t\t\t\t\t<img data-src=\"\/\/zehragrup.com\/wp-content\/uploads\/2021\/01\/fethiye-kuleli-beach-zehra-scaled.jpg\" alt=\"cdn_helper\" data-libid=\"15581\" width=\"0\" height=\"0\" data-dbsrc=\"Ly96ZWhyYWdydXAuY29tL3dwLWNvbnRlbnQvdXBsb2Fkcy8yMDIxLzAxL2ZldGhpeWUta3VsZWxpLWJlYWNoLXplaHJhLXNjYWxlZC5qcGc=\"\/>\n\t\t\t\t\t<\/image_lists>\n\t\t\t\t<\/sr7-module>\n\t\t\t\t<script>\n\t\t\t\t\tSR7.PMH ??={}; SR7.PMH[\"SR7_34_2\"] = {cn:0,state:false,fn: function() { if (_tpt!==undefined && _tpt.prepareModuleHeight !== undefined) {  _tpt.prepareModuleHeight({id:\"SR7_34_2\",el:[1080,1080,1080,1080,500],type:'standard',shdw:'0',gh:[1080,1080,1080,1080,500],gw:[1920,1920,1920,1920,480],vpt:['100px&#039;,&#039;100px&#039;,&#039;100px&#039;,&#039;100px&#039;,&#039;100px'],size:{fullWidth:true, fullHeight:false},mh:'0',onh:0,onw:0,bg:{color:'{\"orig\":\"transparent\",\"type\":\"solid\",\"string\":\"transparent\"}'}});   SR7.PMH[\"SR7_34_2\"].state=true;} else if((SR7.PMH[\"SR7_34_2\"].cn++)<100)\tsetTimeout( SR7.PMH[\"SR7_34_2\"].fn,19);}};SR7.PMH[\"SR7_34_2\" ].fn();\n\t\t\t\t<\/script>\nla plage de Zehra Kuleli la plage de Zehra Kuleli ; Il est situ\u00e9 dans l&#8217;une des plus belles baies de Fethiye et il est peu probable qu&#8217;elle soit vue des environs car il se trouve parmi les for\u00eats de pins. Notre baie est une plage enti\u00e8rement sablonneuse et une mer peu profonde; Conservateur [&hellip;]<\/p>\n","protected":false},"author":1,"featured_media":0,"parent":0,"menu_order":0,"comment_status":"closed","ping_status":"closed","template":"","meta":{"_et_pb_use_builder":"on","_et_pb_old_content":"","_et_gb_content_width":"","footnotes":""},"class_list":["post-12265","page","type-page","status-publish","hentry"],"_links":{"self":[{"href":"https:\/\/www.zehragrup.com\/fr\/wp-json\/wp\/v2\/pages\/12265","targetHints":{"allow":["GET"]}}],"collection":[{"href":"https:\/\/www.zehragrup.com\/fr\/wp-json\/wp\/v2\/pages"}],"about":[{"href":"https:\/\/www.zehragrup.com\/fr\/wp-json\/wp\/v2\/types\/page"}],"author":[{"embeddable":true,"href":"https:\/\/www.zehragrup.com\/fr\/wp-json\/wp\/v2\/users\/1"}],"replies":[{"embeddable":true,"href":"https:\/\/www.zehragrup.com\/fr\/wp-json\/wp\/v2\/comments?post=12265"}],"version-history":[{"count":0,"href":"https:\/\/www.zehragrup.com\/fr\/wp-json\/wp\/v2\/pages\/12265\/revisions"}],"wp:attachment":[{"href":"https:\/\/www.zehragrup.com\/fr\/wp-json\/wp\/v2\/media?parent=12265"}],"curies":[{"name":"wp","href":"https:\/\/api.w.org\/{rel}","templated":true}]}}