{"id":12313,"date":"2021-01-23T09:05:19","date_gmt":"2021-01-23T09:05:19","guid":{"rendered":"https:\/\/zehragrup.com\/confidentiality-agreement\/"},"modified":"2024-05-22T11:46:17","modified_gmt":"2024-05-22T11:46:17","slug":"confidentiality-agreement","status":"publish","type":"page","link":"https:\/\/www.zehragrup.com\/fr\/confidentiality-agreement\/","title":{"rendered":"CONFIDENTIALITY AGREEMENT"},"content":{"rendered":"<p>[et_pb_section fb_built=&#8221;1&#8243; _builder_version=&#8221;4.16&#8243; _module_preset=&#8221;default&#8221; global_colors_info=&#8221;{}&#8221;][et_pb_row _builder_version=&#8221;4.16&#8243; _module_preset=&#8221;default&#8221; global_colors_info=&#8221;{}&#8221;][et_pb_column type=&#8221;4_4&#8243; _builder_version=&#8221;4.16&#8243; _module_preset=&#8221;default&#8221; global_colors_info=&#8221;{}&#8221;][et_pb_text _builder_version=&#8221;4.16&#8243; _module_preset=&#8221;default&#8221; header_2_font_size=&#8221;18px&#8221; global_colors_info=&#8221;{}&#8221;]<strong><u><img decoding=\"async\" class=\"wp-image-18 alignnone size-medium\" style=\"display: block; margin-left: auto; margin-right: auto;\" src=\"https:\/\/zehragrup.com\/wp-content\/uploads\/2022\/05\/zehra-grup-logo-04-300x203.png\" alt=\"Zehra Grup Logo\" width=\"165\" height=\"130\" \/><\/u><\/strong><\/p>\n<h1 style=\"text-align: center;\"><strong><u>accord de confidentialit\u00e9<\/u><\/strong><\/h1>\n<p>En tant qu&#8217;h\u00f4tels du groupe Zehra, nous souhaitons offrir \u00e0 nos clients des produits et des services de qualit\u00e9 sup\u00e9rieure. Nous accordons une grande importance \u00e0 nos h\u00f4tes, \u00e0 leur fid\u00e9lit\u00e9 et \u00e0 leur confidentialit\u00e9.<\/p>\n<p>La \u201cD\u00e9claration de confidentialit\u00e9 des h\u00f4tels du groupe Zehra\u201d a \u00e9t\u00e9 pr\u00e9par\u00e9e pour fournir des informations sur la mani\u00e8re dont nous utilisons les informations personnelles que nous recueillons aupr\u00e8s de vous ou \u00e0 votre sujet, soit par le biais de ce site, soit par le biais de vos communications \u00e9crites et verbales avec nous.<\/p>\n<p>Les informations personnelles que nous souhaitons obtenir lorsque vous devenez membre du site www.zehrarup.com peuvent \u00eatre utilis\u00e9es pour vous informer des nouveaut\u00e9s et \u00e9v\u00e9nements de notre site en rapport avec vos centres d&#8217;int\u00e9r\u00eat, et pour am\u00e9liorer le site en fonction de vos pr\u00e9f\u00e9rences.<br \/>\nNotre soci\u00e9t\u00e9 vous demande certaines de vos informations personnelles (nom, t\u00e9l\u00e9phone, e-mail, etc.) via des formulaires pr\u00e9sents sur le site afin d&#8217;offrir un meilleur service \u00e0 ses utilisateurs. Ces informations collect\u00e9es dans un environnement s\u00e9curis\u00e9 sur les ordinateurs de notre soci\u00e9t\u00e9 (promotions p\u00e9riodiques, campagnes diverses, conception d&#8217;actions promotionnelles sp\u00e9cifiques aux profils d&#8217;utilisateurs, et \u00e9tudes de \u00ab cat\u00e9gorisation \u00bb des profils des membres pour ne pas envoyer d&#8217;e-mails non sollicit\u00e9s) ne sont utilis\u00e9es qu&#8217;au sein de notre soci\u00e9t\u00e9.<\/p>\n<p>Le partage de ces informations avec nous et l&#8217;inclusion dans la liste de diffusion en tant que membre de www.zehragrup.com seront r\u00e9alis\u00e9s avec votre demande et votre approbation.<\/p>\n<p>Votre adresse e-mail doit \u00eatre une adresse postale valide pour toutes ces transactions et pour que nous puissions communiquer avec vous.<\/p>\n<p>Tous les droits du site Web www.zehragrup.com (ci-apr\u00e8s d\u00e9nomm\u00e9 le \u201c site Web \u201c) appartiennent \u00e0 Ovac\u0131k Turizm \u0130\u015fletmeleri A.\u015e. (ci-apr\u00e8s d\u00e9nomm\u00e9 \u201cGROUPE ZEHRA \u201c). ZEHRA GROUPE s&#8217;engage \u00e0 ne pas divulguer \u00e0 des tiers les informations personnelles qui lui sont communiqu\u00e9es par voie \u00e9lectronique par les utilisateurs via le Site, sauf pour les finalit\u00e9s et la port\u00e9e d\u00e9termin\u00e9es par la pr\u00e9sente Politique de Confidentialit\u00e9, selon la proc\u00e9dure de recrutement du service des ressources humaines, les contrats qu&#8217;il a conclus avec ses membres et clients, ou cette politique de confidentialit\u00e9. Les informations personnelles devant \u00eatre collect\u00e9es dans le cadre des \u00e9tudes Ressources Humaines ne seront utilis\u00e9es et conserv\u00e9es qu&#8217;au sein du GROUPE ZEHRA . Il est pr\u00e9sum\u00e9 que les informations personnelles transmises par le Client\/Demandeur \u00e0 GROUPE ZEHRA via le site Internet sont exactes. GROUPE ZEHRA ne peut \u00eatre tenu responsable des dommages pouvant r\u00e9sulter d&#8217;informations personnelles incorrectes.<\/p>\n<p>Informations collect\u00e9es sur les ordinateurs deGROUPE ZEHRA ; Il est utilis\u00e9 uniquement au sein du corps de GROUPE ZEHRA  pour \u00eatre utilis\u00e9 dans l&#8217;unit\u00e9 des ressources humaines pour le recrutement, les travaux de campagne p\u00e9riodiques, la conception d&#8217;activit\u00e9s promotionnelles sp\u00e9ciales pour les profils clients et les \u00e9tudes de &#8220;classification&#8221; des clients pour ne pas envoyer d&#8217;e-mails non sollicit\u00e9s. Si le Client\/Demandeur ne souhaite pas \u00eatre inform\u00e9 des promotions et e-mails de notification en question, il peut arr\u00eater cette activit\u00e9 \u00e0 tout moment en envoyant un e-mail \u00e0 ik@zehragrup.com et\/ou info@zehragrup.com . Les informations personnelles peuvent \u00e9galement \u00eatre utilis\u00e9es pour contacter l&#8217;utilisateur si n\u00e9cessaire.<\/p>\n<p>GROUPE ZEHRA peut fournir des liens vers d&#8217;autres sites au sein du site Web.  GROUPE ZEHRA n&#8217;assume aucune responsabilit\u00e9 quant aux pratiques de confidentialit\u00e9 et au contenu du site accessible via le lien.<\/p>\n<p>GROUPE ZEHRA  ne divulguera pas les informations des utilisateurs \u00e0 des soci\u00e9t\u00e9s et \u00e0 des tiers avec lesquels il n&#8217;est pas en coop\u00e9ration, sauf indication contraire dans la pr\u00e9sente politique de confidentialit\u00e9 et \u00e0 l&#8217;exception des cas limit\u00e9s sp\u00e9cifi\u00e9s ci-dessous. Ces situations sont;<\/p>\n<p>a.Loi, d\u00e9cret-loi, r\u00e8glement, etc. promulgu\u00e9s et en vigueur par les autorit\u00e9s l\u00e9gales autoris\u00e9es. respecter les obligations impos\u00e9es par les r\u00e8gles de droit;<\/p>\n<p>b. Satisfaire aux exigences des contrats conclus par ZEHRA GROUP avec ses clients et les mettre en pratique ;<\/p>\n<p>NS. Demander des informations sur les utilisateurs dans le but de mener une enqu\u00eate d\u00fbment men\u00e9e ou une enqu\u00eate par des autorit\u00e9s administratives ou judiciaires autoris\u00e9es ;<\/p>\n<p>D. Ce sont les cas o\u00f9 les informations sont donn\u00e9es pour prot\u00e9ger les droits ou la s\u00e9curit\u00e9 des utilisateurs.<\/p>\n<p>ZEHRA GROUP, de garder les informations personnelles strictement priv\u00e9es et confidentielles, de les consid\u00e9rer comme une obligation de confidentialit\u00e9, d&#8217;assurer et de maintenir la confidentialit\u00e9, de prendre toutes les mesures n\u00e9cessaires et de prendre toutes les mesures n\u00e9cessaires pour emp\u00eacher tout ou partie des informations confidentielles d&#8217;entrer dans le domaine public ou l&#8217;utilisation ou la divulgation non autoris\u00e9e \u00e0 un tiers. s&#8217;engage \u00e0 prendre soin. Bien que ZEHRA GROUP prenne les mesures de s\u00e9curit\u00e9 de l&#8217;information n\u00e9cessaires, ZEHRA GROUP n&#8217;aura aucune responsabilit\u00e9 si des informations confidentielles sont endommag\u00e9es ou entre les mains de tiers \u00e0 la suite d&#8217;attaques sur le site Web et le syst\u00e8me.<\/p>\n<p>&nbsp;<\/p>\n<p><strong>\u00a0\u00a0\u00a0\u00a0\u00a0\u00a0\u00a0\u00a0\u00a0<img decoding=\"async\" class=\"wp-image-18 alignnone size-medium\" src=\"https:\/\/zehragrup.com\/wp-content\/uploads\/2022\/05\/zehra-grup-logo-04-300x203.png\" alt=\"Zehra Grup Logo\" width=\"95\" height=\"76\" \/><\/strong><\/p>\n<h2><strong>\u00a0 \u00a0 Board of Directors<\/strong><\/h2>\n<p><strong>\u00a0\u00a0\u00a0\u00a0\u00a0\u00a0\u00a0\u00a0\u00a0\u00a0\u00a0\u00a0\u00a0\u00a0\u00a0\u00a0 <\/strong><strong>\u00a0\u00a0\u00a0\u00a0\u00a0\u00a0\u00a0\u00a0\u00a0\u00a0\u00a0\u00a0\u00a0\u00a0\u00a0\u00a0 <\/strong><\/p>\n<p>&nbsp;[\/et_pb_text][\/et_pb_column][\/et_pb_row][\/et_pb_section]<\/p>\n","protected":false},"excerpt":{"rendered":"<p>accord de confidentialit\u00e9 En tant qu&#8217;h\u00f4tels du groupe Zehra, nous souhaitons offrir \u00e0 nos clients des produits et des services de qualit\u00e9 sup\u00e9rieure. Nous accordons une grande importance \u00e0 nos h\u00f4tes, \u00e0 leur fid\u00e9lit\u00e9 et \u00e0 leur confidentialit\u00e9. La \u201cD\u00e9claration de confidentialit\u00e9 des h\u00f4tels du groupe Zehra\u201d a \u00e9t\u00e9 pr\u00e9par\u00e9e pour fournir des informations sur [&hellip;]<\/p>\n","protected":false},"author":1,"featured_media":0,"parent":0,"menu_order":0,"comment_status":"closed","ping_status":"closed","template":"","meta":{"_et_pb_use_builder":"on","_et_pb_old_content":"","_et_gb_content_width":"","footnotes":""},"class_list":["post-12313","page","type-page","status-publish","hentry"],"_links":{"self":[{"href":"https:\/\/www.zehragrup.com\/fr\/wp-json\/wp\/v2\/pages\/12313","targetHints":{"allow":["GET"]}}],"collection":[{"href":"https:\/\/www.zehragrup.com\/fr\/wp-json\/wp\/v2\/pages"}],"about":[{"href":"https:\/\/www.zehragrup.com\/fr\/wp-json\/wp\/v2\/types\/page"}],"author":[{"embeddable":true,"href":"https:\/\/www.zehragrup.com\/fr\/wp-json\/wp\/v2\/users\/1"}],"replies":[{"embeddable":true,"href":"https:\/\/www.zehragrup.com\/fr\/wp-json\/wp\/v2\/comments?post=12313"}],"version-history":[{"count":0,"href":"https:\/\/www.zehragrup.com\/fr\/wp-json\/wp\/v2\/pages\/12313\/revisions"}],"wp:attachment":[{"href":"https:\/\/www.zehragrup.com\/fr\/wp-json\/wp\/v2\/media?parent=12313"}],"curies":[{"name":"wp","href":"https:\/\/api.w.org\/{rel}","templated":true}]}}