{"id":12320,"date":"2021-02-09T08:19:13","date_gmt":"2021-02-09T08:19:13","guid":{"rendered":"https:\/\/zehragrup.com\/privacy-commitment-and-security-policy\/"},"modified":"2024-05-22T09:54:28","modified_gmt":"2024-05-22T09:54:28","slug":"privacy-commitment-and-security-policy","status":"publish","type":"page","link":"https:\/\/www.zehragrup.com\/fr\/privacy-commitment-and-security-policy\/","title":{"rendered":"Privacy Commitment and Security Policy"},"content":{"rendered":"<p>[et_pb_section fb_built=&#8221;1&#8243; _builder_version=&#8221;4.16&#8243; _module_preset=&#8221;default&#8221; global_colors_info=&#8221;{}&#8221;][et_pb_row _builder_version=&#8221;4.16&#8243; _module_preset=&#8221;default&#8221; global_colors_info=&#8221;{}&#8221;][et_pb_column type=&#8221;4_4&#8243; _builder_version=&#8221;4.16&#8243; _module_preset=&#8221;default&#8221; global_colors_info=&#8221;{}&#8221;][et_pb_text _builder_version=&#8221;4.16&#8243; _module_preset=&#8221;default&#8221; header_2_font_size=&#8221;18px&#8221; link_font_tablet=&#8221;&#8221; link_font_phone=&#8221;&#8221; link_font_last_edited=&#8221;on|desktop&#8221; global_colors_info=&#8221;{}&#8221;]<\/p>\n<h1><strong>Engagement de confidentialit\u00e9 et politique de s\u00e9curit\u00e9<\/strong><\/h1>\n<p>OVACIK CONSTRUCTION IMMOBILIER TOURIZME A.\u015e.. ne donne, ne partage ni n&#8217;utilise vos informations personnelles (nom, pr\u00e9nom, adresse e-mail, adresse postale, achats, etc.) \u00e0 aucune institution\/personne de quelque mani\u00e8re que ce soit. OVACIK CONSTRUCTION IMMOBILIER TOURIZME. Il dispose d&#8217;un certificat d&#8217;achat s\u00e9curis\u00e9 (CAS) pour les achats en ligne. OVACIK CONSTRUCTION IMMOBILIER TOURIZME. Il n&#8217;enregistre jamais les informations de carte de cr\u00e9dit de ses clients, ne les demande pas par e-mail et ne les utilise que pour interroger la banque sous la garantie d&#8217;un certificat num\u00e9rique lors de la prise de commande. Visiteur ou client, pour annuler les transactions li\u00e9es \u00e0 l&#8217;adh\u00e9sion, veuillez nous contacter \u00e0 partir du menu Contact en haut de la page. Votre demande sera satisfaite instantan\u00e9ment. Ces engagements ne constituent pas un contrat.<span><\/span><\/p>\n<h2><strong>S\u00e9curit\u00e9 des cartes de cr\u00e9dit<\/strong><span><\/span><\/h2>\n<p>La s\u00e9curit\u00e9 de votre carte de cr\u00e9dit est assur\u00e9e par la technologie de cryptage . Sur les pages o\u00f9 vous entrez vos informations de carte de cr\u00e9dit, une ic\u00f4ne de cadenas appara\u00eet au bas de votre navigateur ou dans la ligne d&#8217;adresse, selon le type de navigateur que vous utilisez. Sur la page o\u00f9 vous entrez les informations de votre carte de cr\u00e9dit lors du paiement, la ligne d&#8217;adresse Internet se transforme en https. Lorsque vous d\u00e9marrez le processus de paiement, une connexion crypt\u00e9e est \u00e9tablie entre l&#8217;ordinateur du client et la banque, ind\u00e9pendamment de notre site Web, et toute information que vous envoyez via le navigateur n&#8217;est pas OVACIK CONSTRUCTION IMMOBILIER TOURIZME A\u015e. Il n&#8217;est pas visible pour le personnel ou les tiers. Les informations de carte de cr\u00e9dit des clients ne sont jamais enregistr\u00e9es sur notre site zehragrup.com. Malgr\u00e9 l&#8217;utilisation abusive des cartes de cr\u00e9dit, certaines pr\u00e9cautions ont \u00e9t\u00e9 prises par notre soci\u00e9t\u00e9. Ces mesures sont mises en place pour votre s\u00e9curit\u00e9 et la n\u00f4tre.<\/p>\n<p>SSL 128 bits est utilis\u00e9 sur notre site. Cela signifie qu&#8217;\u00e0 partir du moment o\u00f9 vous entrez votre carte de cr\u00e9dit, les informations de votre carte de cr\u00e9dit sont crypt\u00e9es et parviennent \u00e0 la banque. Il est possible et impossible pour un tiers d&#8217;acc\u00e9der \u00e0 ces informations. Il n&#8217;est pas possible d&#8217;acc\u00e9der aux informations de votre carte avec la technologie SSL actuellement utilis\u00e9e. Vous pouvez nous envoyer toute question concernant la s\u00e9curit\u00e9 des cartes de cr\u00e9dit \u00e0 partir du menu Contact.<\/p>\n<p><img decoding=\"async\" src=\"https:\/\/zehragrup.com\/wp-content\/uploads\/2021\/02\/ssl-300x134.png\" width=\"177\" height=\"79\" alt=\"SSL Secure Connection icon\" class=\"wp-image-3399 alignnone size-medium\" \/>[\/et_pb_text][\/et_pb_column][\/et_pb_row][\/et_pb_section]<\/p>\n","protected":false},"excerpt":{"rendered":"<p>Engagement de confidentialit\u00e9 et politique de s\u00e9curit\u00e9 OVACIK CONSTRUCTION IMMOBILIER TOURIZME A.\u015e.. ne donne, ne partage ni n&#8217;utilise vos informations personnelles (nom, pr\u00e9nom, adresse e-mail, adresse postale, achats, etc.) \u00e0 aucune institution\/personne de quelque mani\u00e8re que ce soit. OVACIK CONSTRUCTION IMMOBILIER TOURIZME. Il dispose d&#8217;un certificat d&#8217;achat s\u00e9curis\u00e9 (CAS) pour les achats en ligne. OVACIK [&hellip;]<\/p>\n","protected":false},"author":1,"featured_media":0,"parent":0,"menu_order":0,"comment_status":"closed","ping_status":"closed","template":"","meta":{"_et_pb_use_builder":"on","_et_pb_old_content":"","_et_gb_content_width":"","footnotes":""},"class_list":["post-12320","page","type-page","status-publish","hentry"],"_links":{"self":[{"href":"https:\/\/www.zehragrup.com\/fr\/wp-json\/wp\/v2\/pages\/12320","targetHints":{"allow":["GET"]}}],"collection":[{"href":"https:\/\/www.zehragrup.com\/fr\/wp-json\/wp\/v2\/pages"}],"about":[{"href":"https:\/\/www.zehragrup.com\/fr\/wp-json\/wp\/v2\/types\/page"}],"author":[{"embeddable":true,"href":"https:\/\/www.zehragrup.com\/fr\/wp-json\/wp\/v2\/users\/1"}],"replies":[{"embeddable":true,"href":"https:\/\/www.zehragrup.com\/fr\/wp-json\/wp\/v2\/comments?post=12320"}],"version-history":[{"count":0,"href":"https:\/\/www.zehragrup.com\/fr\/wp-json\/wp\/v2\/pages\/12320\/revisions"}],"wp:attachment":[{"href":"https:\/\/www.zehragrup.com\/fr\/wp-json\/wp\/v2\/media?parent=12320"}],"curies":[{"name":"wp","href":"https:\/\/api.w.org\/{rel}","templated":true}]}}