{"id":26514,"date":"2024-05-09T19:14:49","date_gmt":"2024-05-09T19:14:49","guid":{"rendered":"https:\/\/zehragrup.com\/terasli-oda\/"},"modified":"2024-05-21T20:49:11","modified_gmt":"2024-05-21T20:49:11","slug":"chambre-avec-terrasse","status":"publish","type":"product","link":"https:\/\/www.zehragrup.com\/fr\/chambre-avec-terrasse\/","title":{"rendered":"Chambre Avec Terrasse"},"content":{"rendered":"<div class=\"et_pb_with_border et_pb_module et_pb_text et_pb_text_1_tb_body et_pb_text_align_left et_pb_bg_layout_light\">\n<div class=\"et_pb_text_inner\">\n<div class=\"et_pb_with_border et_pb_module et_pb_wc_description et_pb_wc_description_2_tb_body et_pb_bg_layout_light et_pb_text_align_left\">\n<div class=\"et_pb_module_inner\">\n<div class=\"et_pb_with_border et_pb_module et_pb_text et_pb_text_1_tb_body et_pb_text_align_left et_pb_bg_layout_light\">\n<div class=\"et_pb_text_inner\">\n<div class=\"et_pb_with_border et_pb_module et_pb_text et_pb_text_1_tb_body et_pb_text_align_left et_pb_bg_layout_light\">\n<div class=\"et_pb_text_inner\">Cette chambre est situ\u00e9e dans Zehra Hotel<\/div>\n<\/div>\n<\/div>\n<\/div>\n<\/div>\n<\/div>\n<\/div>\n<\/div>\n","protected":false},"excerpt":{"rendered":"<p>Climatisation, t\u00e9l\u00e9vision par satellite, coffre-fort HD (55 pouces), serviettes, salle de bains\/douche, WiFi gratuit, s\u00e8che-cheveux, tapis de pri\u00e8re, chapelet, panneau indiquant la direction de la Qibla. Situ\u00e9 \u00e0 Hisaronu, Fethiye, le Zehra Holiday Village accueille ses clients dans la magnifique nature de Fethiye, avec une grande piscine ext\u00e9rieure et une atmosph\u00e8re paisible.<\/p>\n<p>L\u2019\u00e9tablissement dispose de 76 chambres \u00e0 la d\u00e9coration moderne. Dans les chambres, vous trouverez des \u00e9quipements tels que la t\u00e9l\u00e9vision LCD, la diffusion par satellite et l\u2019Internet sans fil. L\u2019\u00e9tablissement propose \u00e9galement \u00e0 ses clients une piscine s\u00e9par\u00e9e pour les hommes et les femmes, un restaurant, une blanchisserie et un service de nettoyage \u00e0 sec.<\/p>\n<p>Nos services Dans nos chambres, tous les \u00e9quipements sont mis \u00e0 la disposition de nos clients pour satisfaire leur confort, leur commodit\u00e9 et leurs obligations religieuses.<\/p>\n<ul>\n<li>Les enfants sont accept\u00e9s dans l\u2019\u00e9tablissement.<\/li>\n<li>Les animaux de compagnie ne sont pas accept\u00e9s.<\/li>\n<li>Les chiens d\u2019aveugle ne sont pas accept\u00e9s.<\/li>\n<li>Les lits d\u2019appoint ne sont pas fournis.<\/li>\n<\/ul>\n<p>Le service de lit d\u2019appoint ne peut \u00eatre garanti pour nos clients s\u00e9journant gratuitement.<\/p>\n","protected":false},"featured_media":27612,"comment_status":"closed","ping_status":"closed","template":"","meta":{"_et_pb_use_builder":"off","_et_pb_old_content":"","_et_gb_content_width":""},"product_cat":[97],"product_tag":[],"class_list":{"0":"post-26514","1":"product","2":"type-product","3":"status-publish","4":"has-post-thumbnail","6":"product_cat-zehra-otel-fr","8":"first","9":"instock","10":"shipping-taxable","11":"product-type-simple"},"_links":{"self":[{"href":"https:\/\/www.zehragrup.com\/fr\/wp-json\/wp\/v2\/product\/26514","targetHints":{"allow":["GET"]}}],"collection":[{"href":"https:\/\/www.zehragrup.com\/fr\/wp-json\/wp\/v2\/product"}],"about":[{"href":"https:\/\/www.zehragrup.com\/fr\/wp-json\/wp\/v2\/types\/product"}],"replies":[{"embeddable":true,"href":"https:\/\/www.zehragrup.com\/fr\/wp-json\/wp\/v2\/comments?post=26514"}],"wp:featuredmedia":[{"embeddable":true,"href":"https:\/\/www.zehragrup.com\/fr\/wp-json\/wp\/v2\/media\/27612"}],"wp:attachment":[{"href":"https:\/\/www.zehragrup.com\/fr\/wp-json\/wp\/v2\/media?parent=26514"}],"wp:term":[{"taxonomy":"product_cat","embeddable":true,"href":"https:\/\/www.zehragrup.com\/fr\/wp-json\/wp\/v2\/product_cat?post=26514"},{"taxonomy":"product_tag","embeddable":true,"href":"https:\/\/www.zehragrup.com\/fr\/wp-json\/wp\/v2\/product_tag?post=26514"}],"curies":[{"name":"wp","href":"https:\/\/api.w.org\/{rel}","templated":true}]}}