{"id":26535,"date":"2024-05-10T14:28:13","date_gmt":"2024-05-10T14:28:13","guid":{"rendered":"https:\/\/zehragrup.com\/tatil-koyu-junior-suit-oda\/"},"modified":"2024-05-21T14:29:04","modified_gmt":"2024-05-21T14:29:04","slug":"chambre-junior-suite","status":"publish","type":"product","link":"https:\/\/www.zehragrup.com\/fr\/chambre-junior-suite\/","title":{"rendered":"Chambre Junior Suite"},"content":{"rendered":"<div class=\"et_pb_with_border et_pb_module et_pb_text et_pb_text_1_tb_body et_pb_text_align_left et_pb_bg_layout_light\">\n<div class=\"et_pb_text_inner\">\n<div class=\"et_pb_with_border et_pb_module et_pb_text et_pb_text_1_tb_body et_pb_text_align_left et_pb_bg_layout_light\">\n<div class=\"et_pb_text_inner\">Cette chambre est situ\u00e9e \u00e0 Zehra Holiday Village<\/div>\n<\/div>\n<\/div>\n<\/div>\n","protected":false},"excerpt":{"rendered":"<p>Climatisation, t\u00e9l\u00e9vision par satellite, coffre-fort HD TV (55 pouces), serviettes, salle de bains\/douche, WiFi gratuit, s\u00e8che-cheveux, tapis de pri\u00e8re, chapelet, panneau indiquant la direction de la Qibla. Situ\u00e9 \u00e0 Hisaronu, Fethiye, le Zehra Holiday Village accueille ses clients dans la magnifique nature de Fethiye, avec une grande piscine ext\u00e9rieure et une atmosph\u00e8re paisible.<\/p>\n<p>L&#8217;\u00e9tablissement dispose de 76 chambres \u00e0 la d\u00e9coration moderne. Dans les chambres, vous trouverez des \u00e9quipements tels que la t\u00e9l\u00e9vision LCD, la diffusion par satellite et l&#8217;Internet sans fil. L&#8217;\u00e9tablissement propose \u00e9galement \u00e0 ses clients une piscine s\u00e9par\u00e9e pour les hommes et les femmes, un restaurant, une blanchisserie et un service de nettoyage \u00e0 sec.<\/p>\n<p>Nos services Chambres Installations, le confort de nos clients estim\u00e9s, le confort et toutes les installations afin d&#8217;accomplir leurs obligations religieuses.<\/p>\n<ul>\n<li>Les enfants sont accept\u00e9s dans l&#8217;\u00e9tablissement.<\/li>\n<li>Les animaux de compagnie ne sont pas accept\u00e9s.<\/li>\n<li>Les chiens d&#8217;aveugle ne sont pas accept\u00e9s.<\/li>\n<li>Les lits d&#8217;appoint ne sont pas fournis.<\/li>\n<\/ul>\n<p>Le service de lit d&#8217;appoint ne peut \u00eatre garanti pour nos clients s\u00e9journant gratuitement.<\/p>\n","protected":false},"featured_media":25880,"comment_status":"closed","ping_status":"closed","template":"","meta":{"_et_pb_use_builder":"off","_et_pb_old_content":"<div class=\"et_pb_with_border et_pb_module et_pb_text et_pb_text_1_tb_body et_pb_text_align_left et_pb_bg_layout_light\">\r\n<div class=\"et_pb_text_inner\">\r\n<div class=\"et_pb_with_border et_pb_module et_pb_text et_pb_text_1_tb_body et_pb_text_align_left et_pb_bg_layout_light\">\r\n<div class=\"et_pb_text_inner\">Bu Oda Zehra Tatil K\u00f6y\u00fcnde Bulunmaktad\u0131r<\/div>\r\n<\/div>\r\n<\/div>\r\n<\/div>","_et_gb_content_width":""},"product_cat":[101],"product_tag":[],"class_list":{"0":"post-26535","1":"product","2":"type-product","3":"status-publish","4":"has-post-thumbnail","6":"product_cat-zehra-tatil-koyu-odalar-fr","8":"first","9":"instock","10":"shipping-taxable","11":"product-type-simple"},"_links":{"self":[{"href":"https:\/\/www.zehragrup.com\/fr\/wp-json\/wp\/v2\/product\/26535","targetHints":{"allow":["GET"]}}],"collection":[{"href":"https:\/\/www.zehragrup.com\/fr\/wp-json\/wp\/v2\/product"}],"about":[{"href":"https:\/\/www.zehragrup.com\/fr\/wp-json\/wp\/v2\/types\/product"}],"replies":[{"embeddable":true,"href":"https:\/\/www.zehragrup.com\/fr\/wp-json\/wp\/v2\/comments?post=26535"}],"wp:featuredmedia":[{"embeddable":true,"href":"https:\/\/www.zehragrup.com\/fr\/wp-json\/wp\/v2\/media\/25880"}],"wp:attachment":[{"href":"https:\/\/www.zehragrup.com\/fr\/wp-json\/wp\/v2\/media?parent=26535"}],"wp:term":[{"taxonomy":"product_cat","embeddable":true,"href":"https:\/\/www.zehragrup.com\/fr\/wp-json\/wp\/v2\/product_cat?post=26535"},{"taxonomy":"product_tag","embeddable":true,"href":"https:\/\/www.zehragrup.com\/fr\/wp-json\/wp\/v2\/product_tag?post=26535"}],"curies":[{"name":"wp","href":"https:\/\/api.w.org\/{rel}","templated":true}]}}