{"id":26016,"date":"2024-05-13T12:37:45","date_gmt":"2024-05-13T12:37:45","guid":{"rendered":"https:\/\/zehragrup.com\/cart\/"},"modified":"2024-05-13T12:37:45","modified_gmt":"2024-05-13T12:37:45","slug":"cart","status":"publish","type":"page","link":"https:\/\/www.zehragrup.com\/ru\/cart\/","title":{"rendered":"Cart"},"content":{"rendered":"<div data-block-name=\"woocommerce\/cart\" class=\"wp-block-woocommerce-cart alignwide is-loading\"><div data-block-name=\"woocommerce\/filled-cart-block\" class=\"wp-block-woocommerce-filled-cart-block\"><div data-block-name=\"woocommerce\/cart-items-block\" class=\"wp-block-woocommerce-cart-items-block\"><div data-block-name=\"woocommerce\/cart-line-items-block\" class=\"wp-block-woocommerce-cart-line-items-block\"><\/div>\n\n<div data-block-name=\"woocommerce\/cart-cross-sells-block\" class=\"wp-block-woocommerce-cart-cross-sells-block\">\n<h2 class=\"wp-block-heading has-large-font-size\">\u0130lginizi \u00e7ekebilir\u2026<\/h2>\n\n\n<div data-block-name=\"woocommerce\/cart-cross-sells-products-block\" class=\"wp-block-woocommerce-cart-cross-sells-products-block\"><\/div><\/div><\/div>\n\n<div data-block-name=\"woocommerce\/cart-totals-block\" class=\"wp-block-woocommerce-cart-totals-block\"><div data-block-name=\"woocommerce\/cart-order-summary-block\" class=\"wp-block-woocommerce-cart-order-summary-block\"><div data-block-name=\"woocommerce\/cart-order-summary-heading-block\" class=\"wp-block-woocommerce-cart-order-summary-heading-block\"><\/div>\n\n<div data-block-name=\"woocommerce\/cart-order-summary-coupon-form-block\" class=\"wp-block-woocommerce-cart-order-summary-coupon-form-block\"><\/div>\n\n<div data-block-name=\"woocommerce\/cart-order-summary-subtotal-block\" class=\"wp-block-woocommerce-cart-order-summary-subtotal-block\"><\/div>\n\n<div data-block-name=\"woocommerce\/cart-order-summary-fee-block\" class=\"wp-block-woocommerce-cart-order-summary-fee-block\"><\/div>\n\n<div data-block-name=\"woocommerce\/cart-order-summary-discount-block\" class=\"wp-block-woocommerce-cart-order-summary-discount-block\"><\/div>\n\n<div data-block-name=\"woocommerce\/cart-order-summary-shipping-block\" class=\"wp-block-woocommerce-cart-order-summary-shipping-block\"><\/div>\n\n<div data-block-name=\"woocommerce\/cart-order-summary-taxes-block\" class=\"wp-block-woocommerce-cart-order-summary-taxes-block\"><\/div><\/div>\n\n<div data-block-name=\"woocommerce\/cart-express-payment-block\" class=\"wp-block-woocommerce-cart-express-payment-block\"><\/div>\n\n<div data-block-name=\"woocommerce\/proceed-to-checkout-block\" class=\"wp-block-woocommerce-proceed-to-checkout-block\"><\/div>\n\n<div data-block-name=\"woocommerce\/cart-accepted-payment-methods-block\" class=\"wp-block-woocommerce-cart-accepted-payment-methods-block\"><\/div><\/div><\/div>\n\n<div data-block-name=\"woocommerce\/empty-cart-block\" class=\"wp-block-woocommerce-empty-cart-block\">\n<h2 class=\"wp-block-heading has-text-align-center with-empty-cart-icon wc-block-cart__empty-cart__title\">Sepetiniz \u015fu anda bo\u015f!<\/h2>\n\n\n\n<hr class=\"wp-block-separator has-alpha-channel-opacity is-style-dots\"\/>\n\n\n\n<h2 class=\"wp-block-heading has-text-align-center\">Ma\u011fazada yeni<\/h2>\n\n\n<div data-block-name=\"woocommerce\/product-new\" data-columns=\"4\" data-rows=\"1\" class=\"wc-block-grid wp-block-product-new wc-block-product-new has-4-columns\"><ul class=\"wc-block-grid__products\"><li class=\"wc-block-grid__product\">\n\t\t\t\t<a href=\"https:\/\/www.zehragrup.com\/ru\/tatil-koyu-engelli-odasi\/\" class=\"wc-block-grid__product-link\">\n\t\t\t\t\t\n\t\t\t\t\t<div class=\"wc-block-grid__product-image\"><img decoding=\"async\" width=\"300\" height=\"300\" src=\"https:\/\/www.zehragrup.com\/wp-content\/uploads\/2024\/05\/zehra-tatil-koyu-engelli-odasi-1-300x300.jpg\" class=\"attachment-woocommerce_thumbnail size-woocommerce_thumbnail\" alt=\"Zehra tatil k\u00f6y\u00fc engelli odas\u0131 1\" \/><\/div>\n\t\t\t\t\t<div class=\"wc-block-grid__product-title\">\u041d\u043e\u043c\u0435\u0440 \u0434\u043b\u044f \u0438\u043d\u0432\u0430\u043b\u0438\u0434\u043e\u0432<\/div>\n\t\t\t\t<\/a>\n\t\t\t\t<div class=\"wc-block-grid__product-price price\"><\/div>\n\t\t\t\t\n\t\t\t\t<div class=\"wp-block-button wc-block-grid__product-add-to-cart\"><a href=\"https:\/\/www.zehragrup.com\/ru\/tatil-koyu-engelli-odasi\/\" aria-label=\"\u041f\u0440\u043e\u0447\u0438\u0442\u0430\u0439\u0442\u0435 \u0431\u043e\u043b\u044c\u0448\u0435 \u043e &ldquo;\u041d\u043e\u043c\u0435\u0440 \u0434\u043b\u044f \u0438\u043d\u0432\u0430\u043b\u0438\u0434\u043e\u0432&rdquo;\" data-quantity=\"1\" data-product_id=\"26539\" data-product_sku=\"\" data-price=\"0\" rel=\"nofollow\" class=\"wp-block-button__link  add_to_cart_button\">\u041f\u043e\u0434\u0440\u043e\u0431\u043d\u0435\u0435<\/a><\/div>\n\t\t\t<\/li><li class=\"wc-block-grid__product\">\n\t\t\t\t<a href=\"https:\/\/www.zehragrup.com\/ru\/tatil-koyu-junior-suit-oda\/\" class=\"wc-block-grid__product-link\">\n\t\t\t\t\t\n\t\t\t\t\t<div class=\"wc-block-grid__product-image\"><img decoding=\"async\" width=\"300\" height=\"300\" src=\"https:\/\/www.zehragrup.com\/wp-content\/uploads\/2024\/05\/zehra-tatil-koyu-junior-suit-oda-4-300x300.jpg\" class=\"attachment-woocommerce_thumbnail size-woocommerce_thumbnail\" alt=\"Zehra tatil k\u00f6y\u00fc junior suit oda 4\" \/><\/div>\n\t\t\t\t\t<div class=\"wc-block-grid__product-title\">\u041d\u043e\u043c\u0435\u0440 \u043f\u043e\u043b\u0443\u043b\u044e\u043a\u0441<\/div>\n\t\t\t\t<\/a>\n\t\t\t\t<div class=\"wc-block-grid__product-price price\"><\/div>\n\t\t\t\t\n\t\t\t\t<div class=\"wp-block-button wc-block-grid__product-add-to-cart\"><a href=\"https:\/\/www.zehragrup.com\/ru\/tatil-koyu-junior-suit-oda\/\" aria-label=\"\u041f\u0440\u043e\u0447\u0438\u0442\u0430\u0439\u0442\u0435 \u0431\u043e\u043b\u044c\u0448\u0435 \u043e &ldquo;\u041d\u043e\u043c\u0435\u0440 \u043f\u043e\u043b\u0443\u043b\u044e\u043a\u0441&rdquo;\" data-quantity=\"1\" data-product_id=\"26536\" data-product_sku=\"\" data-price=\"0\" rel=\"nofollow\" class=\"wp-block-button__link  add_to_cart_button\">\u041f\u043e\u0434\u0440\u043e\u0431\u043d\u0435\u0435<\/a><\/div>\n\t\t\t<\/li><li class=\"wc-block-grid__product\">\n\t\t\t\t<a href=\"https:\/\/www.zehragrup.com\/ru\/tatil-koyu-aile-odasi\/\" class=\"wc-block-grid__product-link\">\n\t\t\t\t\t\n\t\t\t\t\t<div class=\"wc-block-grid__product-image\"><img decoding=\"async\" width=\"300\" height=\"300\" src=\"https:\/\/www.zehragrup.com\/wp-content\/uploads\/2024\/05\/zehra-tatil-koyu-aile-odasi-4-300x300.jpg\" class=\"attachment-woocommerce_thumbnail size-woocommerce_thumbnail\" alt=\"Zehra tatil k\u00f6y\u00fc aile odas\u0131 4\" \/><\/div>\n\t\t\t\t\t<div class=\"wc-block-grid__product-title\">\u0421\u0435\u043c\u0435\u0439\u043d\u044b\u0439 \u043d\u043e\u043c\u0435\u0440<\/div>\n\t\t\t\t<\/a>\n\t\t\t\t<div class=\"wc-block-grid__product-price price\"><\/div>\n\t\t\t\t\n\t\t\t\t<div class=\"wp-block-button wc-block-grid__product-add-to-cart\"><a href=\"https:\/\/www.zehragrup.com\/ru\/tatil-koyu-aile-odasi\/\" aria-label=\"\u041f\u0440\u043e\u0447\u0438\u0442\u0430\u0439\u0442\u0435 \u0431\u043e\u043b\u044c\u0448\u0435 \u043e &ldquo;\u0421\u0435\u043c\u0435\u0439\u043d\u044b\u0439 \u043d\u043e\u043c\u0435\u0440&rdquo;\" data-quantity=\"1\" data-product_id=\"26533\" data-product_sku=\"\" data-price=\"0\" rel=\"nofollow\" class=\"wp-block-button__link  add_to_cart_button\">\u041f\u043e\u0434\u0440\u043e\u0431\u043d\u0435\u0435<\/a><\/div>\n\t\t\t<\/li><li class=\"wc-block-grid__product\">\n\t\t\t\t<a href=\"https:\/\/www.zehragrup.com\/ru\/tatil-koyu-ranzali-oda\/\" class=\"wc-block-grid__product-link\">\n\t\t\t\t\t\n\t\t\t\t\t<div class=\"wc-block-grid__product-image\"><img decoding=\"async\" width=\"300\" height=\"300\" src=\"https:\/\/www.zehragrup.com\/wp-content\/uploads\/2024\/05\/zehra-tatil-koyu-ranzali-oda-2-300x300.jpg\" class=\"attachment-woocommerce_thumbnail size-woocommerce_thumbnail\" alt=\"Zehra tatil k\u00f6y\u00fc ranzal\u0131 oda 2\" \/><\/div>\n\t\t\t\t\t<div class=\"wc-block-grid__product-title\">\u0421\u0442\u0430\u043d\u0434\u0430\u0440\u0442\u043d\u044b\u0439 \u0434\u0432\u0443\u0445\u044a\u044f\u0440\u0443\u0441\u043d\u044b\u0439 \u043d\u043e\u043c\u0435\u0440<\/div>\n\t\t\t\t<\/a>\n\t\t\t\t<div class=\"wc-block-grid__product-price price\"><\/div>\n\t\t\t\t\n\t\t\t\t<div class=\"wp-block-button wc-block-grid__product-add-to-cart\"><a href=\"https:\/\/www.zehragrup.com\/ru\/tatil-koyu-ranzali-oda\/\" aria-label=\"\u041f\u0440\u043e\u0447\u0438\u0442\u0430\u0439\u0442\u0435 \u0431\u043e\u043b\u044c\u0448\u0435 \u043e &ldquo;\u0421\u0442\u0430\u043d\u0434\u0430\u0440\u0442\u043d\u044b\u0439 \u0434\u0432\u0443\u0445\u044a\u044f\u0440\u0443\u0441\u043d\u044b\u0439 \u043d\u043e\u043c\u0435\u0440&rdquo;\" data-quantity=\"1\" data-product_id=\"26530\" data-product_sku=\"\" data-price=\"0\" rel=\"nofollow\" class=\"wp-block-button__link  add_to_cart_button\">\u041f\u043e\u0434\u0440\u043e\u0431\u043d\u0435\u0435<\/a><\/div>\n\t\t\t<\/li><\/ul><\/div><\/div><\/div>","protected":false},"excerpt":{"rendered":"","protected":false},"author":1,"featured_media":0,"parent":0,"menu_order":0,"comment_status":"closed","ping_status":"closed","template":"","meta":{"_et_pb_use_builder":"","_et_pb_old_content":"","_et_gb_content_width":"","footnotes":""},"class_list":["post-26016","page","type-page","status-publish","hentry"],"_links":{"self":[{"href":"https:\/\/www.zehragrup.com\/ru\/wp-json\/wp\/v2\/pages\/26016","targetHints":{"allow":["GET"]}}],"collection":[{"href":"https:\/\/www.zehragrup.com\/ru\/wp-json\/wp\/v2\/pages"}],"about":[{"href":"https:\/\/www.zehragrup.com\/ru\/wp-json\/wp\/v2\/types\/page"}],"author":[{"embeddable":true,"href":"https:\/\/www.zehragrup.com\/ru\/wp-json\/wp\/v2\/users\/1"}],"replies":[{"embeddable":true,"href":"https:\/\/www.zehragrup.com\/ru\/wp-json\/wp\/v2\/comments?post=26016"}],"version-history":[{"count":0,"href":"https:\/\/www.zehragrup.com\/ru\/wp-json\/wp\/v2\/pages\/26016\/revisions"}],"wp:attachment":[{"href":"https:\/\/www.zehragrup.com\/ru\/wp-json\/wp\/v2\/media?parent=26016"}],"curies":[{"name":"wp","href":"https:\/\/api.w.org\/{rel}","templated":true}]}}