{"id":9645,"date":"2021-11-17T12:46:02","date_gmt":"2021-11-17T12:46:02","guid":{"rendered":"https:\/\/zehragrup.com\/zehra-boutique-hotel\/"},"modified":"2022-08-01T10:19:29","modified_gmt":"2022-08-01T10:19:29","slug":"%d0%b7%d0%b5%d1%85%d1%80%d0%b0-%d0%b1%d1%83%d1%82%d0%b8%d0%ba-%d0%be%d1%82%d0%b5%d0%bb%d1%8c","status":"publish","type":"page","link":"https:\/\/www.zehragrup.com\/ru\/%d0%b7%d0%b5%d1%85%d1%80%d0%b0-%d0%b1%d1%83%d1%82%d0%b8%d0%ba-%d0%be%d1%82%d0%b5%d0%bb%d1%8c\/","title":{"rendered":"\u0417\u0435\u0445\u0440\u0430 \u0431\u0443\u0442\u0438\u043a \u043e\u0442\u0435\u043b\u044c"},"content":{"rendered":"<p>[et_pb_section fb_built=&#8221;1&#8243; _builder_version=&#8221;4.11.4&#8243; _module_preset=&#8221;default&#8221; background_enable_color=&#8221;off&#8221; use_background_color_gradient=&#8221;on&#8221; background_color_gradient_start=&#8221;rgba(0,0,0,0.37)&#8221; background_color_gradient_end=&#8221;rgba(0,0,0,0.38)&#8221; background_color_gradient_overlays_image=&#8221;on&#8221; background_image=&#8221;https:\/\/zehragrup.com\/wp-content\/uploads\/2021\/10\/evra-hotel-7.jpg&#8221; z_index=&#8221;99&#8243; custom_padding=&#8221;2px|||||&#8221; locked=&#8221;off&#8221; global_colors_info=&#8221;{}&#8221;][et_pb_row make_equal=&#8221;on&#8221; custom_padding_last_edited=&#8221;on|phone&#8221; _builder_version=&#8221;4.11.4&#8243; _module_preset=&#8221;default&#8221; width=&#8221;100%&#8221; max_width=&#8221;1140px&#8221; custom_margin=&#8221;||||false|false&#8221; custom_padding=&#8221;0.7%||||false|false&#8221; custom_padding_tablet=&#8221;0.7%||||false|false&#8221; custom_padding_phone=&#8221;30px||0px||false|false&#8221; global_colors_info=&#8221;{}&#8221;][et_pb_column type=&#8221;4_4&#8243; _builder_version=&#8221;4.7.4&#8243; _module_preset=&#8221;default&#8221; global_colors_info=&#8221;{}&#8221;][et_pb_text _builder_version=&#8221;4.14.8&#8243; _module_preset=&#8221;default&#8221; text_text_color=&#8221;#ffffff&#8221; text_font_size=&#8221;23px&#8221; text_line_height=&#8221;1.3em&#8221; header_font=&#8221;|800|||||||&#8221; header_text_align=&#8221;center&#8221; header_text_color=&#8221;#ffffff&#8221; header_font_size=&#8221;55px&#8221; text_orientation=&#8221;center&#8221; custom_margin=&#8221;2vw||||false|false&#8221; text_font_size_tablet=&#8221;&#8221; text_font_size_phone=&#8221;17px&#8221; text_font_size_last_edited=&#8221;on|phone&#8221; header_font_size_tablet=&#8221;&#8221; header_font_size_phone=&#8221;30px&#8221; header_font_size_last_edited=&#8221;on|phone&#8221; text_text_shadow_style=&#8221;preset2&#8243; header_text_shadow_style=&#8221;preset2&#8243; global_colors_info=&#8221;{}&#8221;]<\/p>\n<h1>\u0411\u0443\u0442\u0438\u043a-\u043e\u0442\u0435\u043b\u044c \u0417\u0435\u0445\u0440\u0430- \u0418\u0441\u043b\u0430\u043c\u0441\u043a\u0438\u0439 \u0431\u0443\u0442\u0438\u043a-\u043e\u0442\u0435\u043b\u044c<\/h1>\n<p>\u0420\u0430\u0441\u043f\u043e\u043b\u043e\u0436\u0435\u043d\u0438\u0435, \u043a\u0430\u0447\u0435\u0441\u0442\u0432\u043e \u043e\u0431\u0441\u043b\u0443\u0436\u0438\u0432\u0430\u043d\u0438\u044f, \u043f\u0440\u0438\u0432\u0435\u0442\u043b\u0438\u0432\u044b\u0439 \u043f\u0435\u0440\u0441\u043e\u043d\u0430\u043b, \u0447\u0438\u0441\u0442\u043e\u0442\u0430, \u0435\u0434\u0430, \u0431\u0430\u0441\u0441\u0435\u0439\u043d\u044b \u0438 \u0430\u0440\u0445\u0438\u0442\u0435\u043a\u0442\u0443\u0440\u0430 \u043d\u0430\u0448\u0435\u0433\u043e \u043e\u0442\u0435\u043b\u044f, \u0443\u0441\u043b\u0443\u0433\u0438 \u043a\u043e\u0442\u043e\u0440\u043e\u0433\u043e \u0441\u043e\u043e\u0442\u0432\u0435\u0442\u0441\u0442\u0432\u0443\u044e\u0442 \u043a\u043e\u043d\u0446\u0435\u043f\u0446\u0438\u0438 \u00ab\u0425\u0430\u043b\u044f\u043b\u044c\u00bb, \u044f\u0432\u043b\u044f\u044e\u0442\u0441\u044f \u0432\u0430\u0436\u043d\u044b\u043c\u0438 \u0445\u0430\u0440\u0430\u043a\u0442\u0435\u0440\u0438\u0441\u0442\u0438\u043a\u0430\u043c\u0438, \u043a\u043e\u0442\u043e\u0440\u044b\u043c \u0441\u043b\u0435\u0434\u0443\u0435\u0442 \u043e\u0442\u0434\u0430\u0432\u0430\u0442\u044c \u043f\u0440\u0435\u0434\u043f\u043e\u0447\u0442\u0435\u043d\u0438\u0435 \u043d\u0430\u0448\u0435\u043c\u0443 \u043e\u0442\u0435\u043b\u044e.[\/et_pb_text][\/et_pb_column][\/et_pb_row][\/et_pb_section][et_pb_section fb_built=&#8221;1&#8243; _builder_version=&#8221;4.7.4&#8243; _module_preset=&#8221;default&#8221; custom_padding=&#8221;6px||5px|||&#8221; global_colors_info=&#8221;{}&#8221;][et_pb_row column_structure=&#8221;1_2,1_2&#8243; use_custom_gutter=&#8221;on&#8221; gutter_width=&#8221;2&#8243; module_class=&#8221;evra&#8221; _builder_version=&#8221;4.12.0&#8243; width=&#8221;100%&#8221; max_width=&#8221;1024px&#8221; custom_margin=&#8221;15px|auto||auto|false|false&#8221; custom_padding=&#8221;1px|||||&#8221; locked=&#8221;off&#8221; global_colors_info=&#8221;{}&#8221;][et_pb_column type=&#8221;1_2&#8243; _builder_version=&#8221;4.11.4&#8243; _dynamic_attributes=&#8221;link_option_url&#8221; custom_padding=&#8221;|||&#8221; link_option_url=&#8221;@ET-DC@eyJkeW5hbWljIjp0cnVlLCJjb250ZW50IjoicG9zdF9saW5rX3VybF9wYWdlIiwic2V0dGluZ3MiOnsicG9zdF9pZCI6IjQ5MTAifX0=@&#8221; global_colors_info=&#8221;{}&#8221; custom_padding__hover=&#8221;|||&#8221;][et_pb_image src=&#8221;https:\/\/zehragrup.com\/wp-content\/uploads\/2021\/11\/butik-havuz-manzara.jpg&#8221; alt=&#8221;Butik otel havuz manzaral\u0131&#8221; title_text=&#8221;butik-havuz-manzara&#8221; force_fullwidth=&#8221;on&#8221; align_tablet=&#8221;center&#8221; align_phone=&#8221;&#8221; align_last_edited=&#8221;on|desktop&#8221; _builder_version=&#8221;4.14.8&#8243; custom_margin=&#8221;||-30px||false|false&#8221; custom_margin_tablet=&#8221;||0px|&#8221; border_radii=&#8221;on|5px|5px|5px|5px&#8221; locked=&#8221;off&#8221; global_colors_info=&#8221;{}&#8221;][\/et_pb_image][et_pb_text _builder_version=&#8221;4.14.8&#8243; text_font=&#8221;||||||||&#8221; header_font=&#8221;||||||||&#8221; header_3_font=&#8221;Raleway|700|||||||&#8221; header_3_text_align=&#8221;center&#8221; header_3_text_color=&#8221;#0159a3&#8243; header_3_font_size=&#8221;20px&#8221; header_3_line_height=&#8221;1.2em&#8221; background_color=&#8221;#f3f3f3&#8243; min_height=&#8221;215px&#8221; custom_margin=&#8221;|15px||15px|false|true&#8221; custom_padding=&#8221;20px|2vw|20px|2vw|true|true&#8221; header_3_font_size_tablet=&#8221;35px&#8221; header_3_font_size_phone=&#8221;25px&#8221; header_3_font_size_last_edited=&#8221;on|phone&#8221; locked=&#8221;off&#8221; global_colors_info=&#8221;{}&#8221;]<\/p>\n<h3>\u041b\u044e\u043a\u0441 \u0441 \u0432\u0438\u0434\u043e\u043c \u043d\u0430 \u0431\u0430\u0441\u0441\u0435\u0439\u043d \u0438 \u043f\u0440\u0438\u0440\u043e\u0434\u0443<\/h3>\n<div class=\"diger-ortala\">\n<p style=\"text-align: left;\">45m3 \u0414\u0432\u0443\u0445\u043c\u0435\u0441\u0442\u043d\u044b\u0439 \u0431\u0430\u043b\u043a\u043e\u043d<\/p>\n<ul class=\"diger-ul\">\n<li>\u041a\u043e\u043d\u0434\u0438\u0446\u0438\u043e\u043d\u0435\u0440<\/li>\n<li>\u0411\u0430\u043d\u044f<\/li>\n<li>\u0431\u0435\u0441\u043f\u043b\u0430\u0442\u043d\u044b\u0439 Wi Fi<\/li>\n<\/ul>\n<\/div>\n<p>[\/et_pb_text][\/et_pb_column][et_pb_column type=&#8221;1_2&#8243; _builder_version=&#8221;4.11.4&#8243; _dynamic_attributes=&#8221;link_option_url&#8221; custom_padding=&#8221;|||&#8221; link_option_url=&#8221;@ET-DC@eyJkeW5hbWljIjp0cnVlLCJjb250ZW50IjoicG9zdF9saW5rX3VybF9wYWdlIiwic2V0dGluZ3MiOnsicG9zdF9pZCI6IjQ5NDAifX0=@&#8221; global_colors_info=&#8221;{}&#8221; custom_padding__hover=&#8221;|||&#8221;][et_pb_image src=&#8221;https:\/\/zehragrup.com\/wp-content\/uploads\/2021\/10\/evra-47.jpg&#8221; alt=&#8221;Fethiye Evra otel&#8221; title_text=&#8221;evra-47&#8243; force_fullwidth=&#8221;on&#8221; align_tablet=&#8221;center&#8221; align_phone=&#8221;&#8221; align_last_edited=&#8221;on|desktop&#8221; _builder_version=&#8221;4.14.8&#8243; custom_margin=&#8221;||-30px||false|false&#8221; custom_margin_tablet=&#8221;||0px|&#8221; border_radii=&#8221;on|5px|5px|5px|5px&#8221; locked=&#8221;off&#8221; global_colors_info=&#8221;{}&#8221;][\/et_pb_image][et_pb_text _builder_version=&#8221;4.14.8&#8243; text_font=&#8221;||||||||&#8221; header_font=&#8221;||||||||&#8221; header_3_font=&#8221;Raleway|700|||||||&#8221; header_3_text_align=&#8221;center&#8221; header_3_text_color=&#8221;#0159a3&#8243; header_3_font_size=&#8221;20px&#8221; header_3_line_height=&#8221;1.2em&#8221; background_color=&#8221;#f3f3f3&#8243; min_height=&#8221;215px&#8221; custom_margin=&#8221;|15px||15px|false|true&#8221; custom_padding=&#8221;20px|2vw|20px|2vw|true|true&#8221; header_3_font_size_tablet=&#8221;35px&#8221; header_3_font_size_phone=&#8221;25px&#8221; header_3_font_size_last_edited=&#8221;on|phone&#8221; locked=&#8221;off&#8221; global_colors_info=&#8221;{}&#8221;]<\/p>\n<h3>\u041d\u043e\u043c\u0435\u0440\u0430 \u043b\u044e\u043a\u0441<\/h3>\n<div class=\"diger-ortala\">\n<p>45m3  \u0414\u0432\u0443\u0445\u043c\u0435\u0441\u0442\u043d\u044b\u0439 \u0431\u0430\u043b\u043a\u043e\u043d<\/p>\n<ul class=\"diger-ul\">\n<li>\u041a\u043e\u043d\u0434\u0438\u0446\u0438\u043e\u043d\u0435\u0440<\/li>\n<li>\u0411\u0430\u043d\u044f<\/li>\n<li>\u0431\u0435\u0441\u043f\u043b\u0430\u0442\u043d\u044b\u0439 Wi Fi<\/li>\n<\/ul>\n<\/div>\n<p>[\/et_pb_text][\/et_pb_column][\/et_pb_row][\/et_pb_section][et_pb_section fb_built=&#8221;1&#8243; module_class=&#8221;yaprak&#8221; _builder_version=&#8221;4.7.4&#8243; _module_preset=&#8221;default&#8221; background_color=&#8221;#f2f2f2&#8243; background_enable_image=&#8221;off&#8221; background_size=&#8221;contain&#8221; background_position=&#8221;top_right&#8221; custom_padding=&#8221;29px||36px|||&#8221; background_last_edited=&#8221;on|desktop&#8221; background_enable_image_phone=&#8221;off&#8221; global_colors_info=&#8221;{}&#8221;][et_pb_row column_structure=&#8221;1_2,1_2&#8243; use_custom_gutter=&#8221;on&#8221; gutter_width=&#8221;2&#8243; _builder_version=&#8221;4.7.4&#8243; _module_preset=&#8221;default&#8221; width=&#8221;100%&#8221; max_width=&#8221;100%&#8221; global_colors_info=&#8221;{}&#8221;][et_pb_column type=&#8221;1_2&#8243; _builder_version=&#8221;4.7.4&#8243; _module_preset=&#8221;default&#8221; global_colors_info=&#8221;{}&#8221;][et_pb_image src=&#8221;https:\/\/zehragrup.com\/wp-content\/uploads\/2021\/10\/evra-hotel-5.jpg&#8221; alt=&#8221;\u0130slami Butik Otel&#8221; title_text=&#8221;evra-hotel-5&#8243; _builder_version=&#8221;4.14.8&#8243; _module_preset=&#8221;default&#8221; global_colors_info=&#8221;{}&#8221;][\/et_pb_image][\/et_pb_column][et_pb_column type=&#8221;1_2&#8243; _builder_version=&#8221;4.7.4&#8243; _module_preset=&#8221;default&#8221; global_colors_info=&#8221;{}&#8221;][et_pb_text _builder_version=&#8221;4.14.8&#8243; _module_preset=&#8221;default&#8221; text_font_size=&#8221;15px&#8221; header_2_font=&#8221;|800|||||||&#8221; header_2_text_color=&#8221;#0159a3&#8243; header_2_font_size=&#8221;30px&#8221; header_2_line_height=&#8221;1.1em&#8221; header_3_text_align=&#8221;left&#8221; header_3_text_color=&#8221;#0159a3&#8243; header_3_font_size=&#8221;23px&#8221; header_3_line_height=&#8221;1.3em&#8221; text_orientation=&#8221;justified&#8221; width=&#8221;73%&#8221; width_tablet=&#8221;&#8221; width_phone=&#8221;100%&#8221; width_last_edited=&#8221;on|phone&#8221; custom_padding=&#8221;52px||||false|false&#8221; custom_padding_tablet=&#8221;&#8221; custom_padding_phone=&#8221;31px|15px||15px|false|false&#8221; custom_padding_last_edited=&#8221;on|phone&#8221; global_colors_info=&#8221;{}&#8221;]<\/p>\n<h2>\u0411\u0443\u0442\u0438\u043a-\u043e\u0442\u0435\u043b\u044c \u0417\u0435\u0445\u0440\u0430- \u0418\u0441\u043b\u0430\u043c\u0441\u043a\u0438\u0439 \u0431\u0443\u0442\u0438\u043a-\u043e\u0442\u0435\u043b\u044c<\/h2>\n<h3>The hotel is 3 km from the World_Famous <strong>\u00d6l\u00fcdeniz<\/strong> Beach and in the <strong>Hisar\u00f6n\u00fc<\/strong> region, which is famous for its bazaar, leaning back against the pine forests.<\/h3>\n<p>The location lay out, service quality, warm staf, cleanliness,food,pools and architecture of our hotel, which services in field of \u2018Halal Concept\u2019, anre important features for our hotel to be prefered.<br \/>Located 3 km from \u00d6l\u00fcdeniz, the 3- star Zehra Boutique Hotel offers free on-side parking and free Wi-fi throughout the property.<br \/>Lycian way 650 meter away and there is Migros nearby.<br \/>The hotel is located in Hisar\u00f6n\u00fc dictict of \u00d6l\u00fcdeniz, 1 km form the city centre.<\/p>\n<p>[\/et_pb_text][\/et_pb_column][\/et_pb_row][\/et_pb_section][et_pb_section fb_built=&#8221;1&#8243; module_class=&#8221;section&#8221; _builder_version=&#8221;4.7.4&#8243; _module_preset=&#8221;default&#8221; background_color=&#8221;#0159a3&#8243; locked=&#8221;off&#8221; global_colors_info=&#8221;{}&#8221;][et_pb_row _builder_version=&#8221;4.7.4&#8243; _module_preset=&#8221;default&#8221; global_colors_info=&#8221;{}&#8221;][et_pb_column type=&#8221;4_4&#8243; _builder_version=&#8221;4.7.4&#8243; _module_preset=&#8221;default&#8221; global_colors_info=&#8221;{}&#8221;][et_pb_text _builder_version=&#8221;4.14.8&#8243; _module_preset=&#8221;default&#8221; text_font_size=&#8221;23px&#8221; header_2_font=&#8221;|700|||||||&#8221; header_2_text_align=&#8221;center&#8221; header_2_text_color=&#8221;#ffffff&#8221; header_2_font_size=&#8221;30px&#8221; global_colors_info=&#8221;{}&#8221;]<\/p>\n<h2>\u0410\u043a\u0442\u0438\u0432\u043d\u043e\u0441\u0442\u044c<\/h2>\n<p>[\/et_pb_text][et_pb_text module_class=&#8221;aktiviteler&#8221; _builder_version=&#8221;4.14.8&#8243; _module_preset=&#8221;default&#8221; hover_enabled=&#8221;0&#8243; global_colors_info=&#8221;{}&#8221; sticky_enabled=&#8221;0&#8243;]<\/p>\n<div class=\"carousel-slider-outer carousel-slider-outer-image-carousel carousel-slider-outer-9663\" style=\"--carousel-slider-nav-color:#f1f1f1;--carousel-slider-active-nav-color:rgb(255,255,255);--carousel-slider-arrow-size:48px;--carousel-slider-bullet-size:10px\">\n<div id=\"&#039;id-9663\" class=\"carousel-slider carousel-slider-9663 arrows-visibility-hover dots-visibility-never arrows-outside dots-center dots-circle owl-carousel\" data-slide-type=\"image-carousel\" data-owl-settings='{\"nav\":true,\"dots\":false,\"slideBy\":1,\"stagePadding\":30,\"margin\":30,\"loop\":true,\"lazyLoad\":false,\"autoplay\":true,\"autoplayTimeout\":5000,\"autoplaySpeed\":500,\"autoplayHoverPause\":false,\"autoWidth\":false,\"responsive\":{\"300\":{\"items\":1},\"576\":{\"items\":2},\"768\":{\"items\":2},\"1024\":{\"items\":3},\"1280\":{\"items\":4},\"1536\":{\"items\":5}}}'>\n<div class=\"carousel-slider__item\">\n\t<img decoding=\"async\" width=\"506\" height=\"332\" src=\"https:\/\/www.zehragrup.com\/wp-content\/uploads\/2022\/05\/zehra_hotel_babadag.jpg\" class=\"attachment-full size-full\" alt=\"Paragliding aktiviteler\" srcset=\"https:\/\/www.zehragrup.com\/wp-content\/uploads\/2022\/05\/zehra_hotel_babadag.jpg 506w, https:\/\/www.zehragrup.com\/wp-content\/uploads\/2022\/05\/zehra_hotel_babadag-480x315.jpg 480w\" sizes=\"(min-width: 0px) and (max-width: 480px) 480px, (min-width: 481px) 506px, 100vw\" \/><div class=\"carousel-slider__caption\"><p class=\"caption\">\u041f\u0430\u0440\u0430\u0433\u043b\u0430\u0439\u0434\u0438\u043d\u0433<\/p><\/div><\/a><\/div>\n\n<div class=\"carousel-slider__item\">\n\t<img decoding=\"async\" width=\"506\" height=\"332\" src=\"https:\/\/www.zehragrup.com\/wp-content\/uploads\/2022\/05\/zehra-hotel-atv-rafting.jpg\" class=\"attachment-full size-full\" alt=\"Zehra hotel Rafting\" srcset=\"https:\/\/www.zehragrup.com\/wp-content\/uploads\/2022\/05\/zehra-hotel-atv-rafting.jpg 506w, https:\/\/www.zehragrup.com\/wp-content\/uploads\/2022\/05\/zehra-hotel-atv-rafting-480x315.jpg 480w\" sizes=\"(min-width: 0px) and (max-width: 480px) 480px, (min-width: 481px) 506px, 100vw\" \/><div class=\"carousel-slider__caption\"><p class=\"caption\">\u0420\u0430\u0444\u0442\u0438\u043d\u0433<\/p><\/div><\/a><\/div>\n\n<div class=\"carousel-slider__item\">\n\t<img decoding=\"async\" width=\"506\" height=\"332\" src=\"https:\/\/www.zehragrup.com\/wp-content\/uploads\/2022\/05\/zehra-hotel-oludeniz-tekne.jpg\" class=\"attachment-full size-full\" alt=\"oludeniz Boat Tours\" srcset=\"https:\/\/www.zehragrup.com\/wp-content\/uploads\/2022\/05\/zehra-hotel-oludeniz-tekne.jpg 506w, https:\/\/www.zehragrup.com\/wp-content\/uploads\/2022\/05\/zehra-hotel-oludeniz-tekne-480x315.jpg 480w\" sizes=\"(min-width: 0px) and (max-width: 480px) 480px, (min-width: 481px) 506px, 100vw\" \/><div class=\"carousel-slider__caption\"><p class=\"caption\">\u041b\u043e\u0434\u043e\u0447\u043d\u044b\u0435 \u0442\u0443\u0440\u044b<\/p><\/div><\/a><\/div>\n\n<div class=\"carousel-slider__item\">\n\t<a href=\"https:\/\/zehragrup.com\/en\/activities\/\" target=\"_self\" rel=\"noopener\"><img decoding=\"async\" width=\"506\" height=\"332\" src=\"https:\/\/www.zehragrup.com\/wp-content\/uploads\/2022\/05\/zehra-hotel-hidden-city.jpg\" class=\"attachment-full size-full\" alt=\"Zehra otel hidden city\" srcset=\"https:\/\/www.zehragrup.com\/wp-content\/uploads\/2022\/05\/zehra-hotel-hidden-city.jpg 506w, https:\/\/www.zehragrup.com\/wp-content\/uploads\/2022\/05\/zehra-hotel-hidden-city-480x315.jpg 480w\" sizes=\"(min-width: 0px) and (max-width: 480px) 480px, (min-width: 481px) 506px, 100vw\" \/><div class=\"carousel-slider__caption\"><p class=\"caption\">\u0421\u0430\u043a\u043b\u044b\u043a\u0435\u043d\u0442 *\u0421\u043a\u0440\u044b\u0442\u044b\u0439 \u0433\u043e\u0440\u043e\u0434*<\/p><\/div><\/a><\/div>\n\n<\/div><!-- .carousel-slider-9663 -->\n<\/div><!-- .carousel-slider-outer-9663 -->\n\n<p>[\/et_pb_text][et_pb_button button_url=&#8221;@ET-DC@eyJkeW5hbWljIjp0cnVlLCJjb250ZW50IjoicG9zdF9saW5rX3VybF9wYWdlIiwic2V0dGluZ3MiOnsicG9zdF9pZCI6IjczNSJ9fQ==@&#8221; button_text=&#8221;\u0411\u043e\u043b\u044c\u0448\u0435 \u043c\u0435\u0440\u043e\u043f\u0440\u0438\u044f\u0442\u0438\u0439&#8221; button_alignment=&#8221;center&#8221; _builder_version=&#8221;4.14.8&#8243; _dynamic_attributes=&#8221;button_url&#8221; _module_preset=&#8221;default&#8221; custom_button=&#8221;on&#8221; button_text_color=&#8221;#ffffff&#8221; button_border_color=&#8221;#ffffff&#8221; global_colors_info=&#8221;{}&#8221;][\/et_pb_button][\/et_pb_column][\/et_pb_row][et_pb_row disabled_on=&#8221;on|off|off&#8221; module_class=&#8221;yaprak-sol&#8221; _builder_version=&#8221;4.7.4&#8243; _module_preset=&#8221;default&#8221; global_colors_info=&#8221;{}&#8221;][et_pb_column type=&#8221;4_4&#8243; _builder_version=&#8221;4.7.4&#8243; _module_preset=&#8221;default&#8221; global_colors_info=&#8221;{}&#8221;][et_pb_image src=&#8221;https:\/\/zehragrup.com\/wp-content\/uploads\/2021\/01\/yaprak-sol-top.png&#8221; alt=&#8221;yaprak sol&#8221; title_text=&#8221;yaprak-sol-top&#8221; _builder_version=&#8221;4.14.8&#8243; _module_preset=&#8221;default&#8221; global_colors_info=&#8221;{}&#8221;][\/et_pb_image][\/et_pb_column][\/et_pb_row][\/et_pb_section][et_pb_section fb_built=&#8221;1&#8243; _builder_version=&#8221;4.7.4&#8243; _module_preset=&#8221;default&#8221; global_colors_info=&#8221;{}&#8221;][et_pb_row column_structure=&#8221;2_5,3_5&#8243; custom_padding_last_edited=&#8221;on|phone&#8221; _builder_version=&#8221;4.7.4&#8243; _module_preset=&#8221;default&#8221; width=&#8221;100%&#8221; max_width=&#8221;1140px&#8221; custom_padding_tablet=&#8221;&#8221; custom_padding_phone=&#8221;|15px||15px|false|false&#8221; global_colors_info=&#8221;{}&#8221;][et_pb_column type=&#8221;2_5&#8243; _builder_version=&#8221;4.7.4&#8243; _module_preset=&#8221;default&#8221; global_colors_info=&#8221;{}&#8221;][et_pb_image src=&#8221;https:\/\/zehragrup.com\/wp-content\/uploads\/2021\/10\/evra-hotel.jpg&#8221; alt=&#8221;evra butik otel fethiye&#8221; title_text=&#8221;evra-hotel&#8221; _builder_version=&#8221;4.14.8&#8243; _module_preset=&#8221;default&#8221; global_colors_info=&#8221;{}&#8221;][\/et_pb_image][\/et_pb_column][et_pb_column type=&#8221;3_5&#8243; _builder_version=&#8221;4.7.4&#8243; _module_preset=&#8221;default&#8221; global_colors_info=&#8221;{}&#8221;][et_pb_image src=&#8221;https:\/\/zehragrup.com\/wp-content\/uploads\/2021\/01\/halal.png&#8221; alt=&#8221;Helal G\u00f6rseli&#8221; title_text=&#8221;Helal&#8221; _builder_version=&#8221;4.14.8&#8243; _module_preset=&#8221;default&#8221; filter_invert=&#8221;100%&#8221; global_colors_info=&#8221;{}&#8221;][\/et_pb_image][et_pb_text _builder_version=&#8221;4.12.0&#8243; _module_preset=&#8221;default&#8221; header_2_font=&#8221;|700|||||||&#8221; header_2_text_color=&#8221;#0159a3&#8243; header_2_font_size=&#8221;28px&#8221; header_2_line_height=&#8221;0.6em&#8221; header_3_text_align=&#8221;left&#8221; header_3_text_color=&#8221;#0159a3&#8243; header_3_font_size=&#8221;30px&#8221; text_orientation=&#8221;justified&#8221; custom_margin=&#8221;17px||23px|||&#8221; custom_padding=&#8221;0px||||false|false&#8221; header_2_line_height_tablet=&#8221;0.6em&#8221; header_2_line_height_phone=&#8221;1em&#8221; header_2_line_height_last_edited=&#8221;on|phone&#8221; global_colors_info=&#8221;{}&#8221;]<\/p>\n<h2>Zehra Boutique Hotel- Halal Boutique Hotel <\/h2>\n<h3>Halal Concept<\/h3>\n<p>[\/et_pb_text][et_pb_text _builder_version=&#8221;4.12.0&#8243; _module_preset=&#8221;default&#8221; header_2_font=&#8221;|700|||||||&#8221; header_2_text_color=&#8221;#0159a3&#8243; header_2_font_size=&#8221;28px&#8221; header_2_line_height=&#8221;0.6em&#8221; header_3_text_align=&#8221;left&#8221; header_3_text_color=&#8221;#0159a3&#8243; header_3_font_size=&#8221;30px&#8221; text_orientation=&#8221;justified&#8221; custom_margin=&#8221;-12px|||||&#8221; custom_padding=&#8221;0px||||false|false&#8221; global_colors_info=&#8221;{}&#8221;]Zehra Boutique Hotel which is an imspensable place for those looking for a special holiday and real relaxation due to its high service quality and standards and peaceful atmosphese, is a professionally managed boutique hotel business, providing service on a non-alcholic and all-imclusive basis<\/p>\n<h3>Places Around<\/h3>\n<ul class=\"_2sHYiJ\">\n<li>\u00d6l\u00fcdeniz beach is 44 min on food.<\/li>\n<li>Lycian Way Walking Trail- 15 min on food.<\/li>\n<li>\u00d6l\u00fcdeniz Nature Park -25 min on food.<\/li>\n<li>\u00d6l\u00fcdeniz Blue Lagoon -2.7 \/ 4.4 km<\/li>\n<li>Kumburnu Beach-2.9 \/4.6 km<\/li>\n<li>Kelebekler Valley \u2013 9.1 \/ 14.6 km<\/li>\n<\/ul>\n<p>[\/et_pb_text][\/et_pb_column][\/et_pb_row][et_pb_row module_class=&#8221;yaprak-sol-alt&#8221; _builder_version=&#8221;4.7.4&#8243; _module_preset=&#8221;default&#8221; global_colors_info=&#8221;{}&#8221;][et_pb_column type=&#8221;4_4&#8243; _builder_version=&#8221;4.7.4&#8243; _module_preset=&#8221;default&#8221; global_colors_info=&#8221;{}&#8221;][et_pb_image src=&#8221;https:\/\/zehragrup.com\/wp-content\/uploads\/2022\/05\/yaprak-bottom-right.png&#8221; alt=&#8221;ye\u015fil yaprak&#8221; title_text=&#8221;yaprak-bottom-right&#8221; _builder_version=&#8221;4.14.8&#8243; _module_preset=&#8221;default&#8221; transform_rotate=&#8221;0deg|0deg|90deg&#8221; positioning=&#8221;absolute&#8221; position_origin_a=&#8221;bottom_left&#8221; vertical_offset=&#8221;-525px&#8221; horizontal_offset=&#8221;-376px&#8221; z_index=&#8221;999&#8243; width=&#8221;100%&#8221; global_colors_info=&#8221;{}&#8221;][\/et_pb_image][\/et_pb_column][\/et_pb_row][\/et_pb_section]<\/p>\n","protected":false},"excerpt":{"rendered":"<p>\u0411\u0443\u0442\u0438\u043a-\u043e\u0442\u0435\u043b\u044c \u0417\u0435\u0445\u0440\u0430- \u0418\u0441\u043b\u0430\u043c\u0441\u043a\u0438\u0439 \u0431\u0443\u0442\u0438\u043a-\u043e\u0442\u0435\u043b\u044c \u0420\u0430\u0441\u043f\u043e\u043b\u043e\u0436\u0435\u043d\u0438\u0435, \u043a\u0430\u0447\u0435\u0441\u0442\u0432\u043e \u043e\u0431\u0441\u043b\u0443\u0436\u0438\u0432\u0430\u043d\u0438\u044f, \u043f\u0440\u0438\u0432\u0435\u0442\u043b\u0438\u0432\u044b\u0439 \u043f\u0435\u0440\u0441\u043e\u043d\u0430\u043b, \u0447\u0438\u0441\u0442\u043e\u0442\u0430, \u0435\u0434\u0430, \u0431\u0430\u0441\u0441\u0435\u0439\u043d\u044b \u0438 \u0430\u0440\u0445\u0438\u0442\u0435\u043a\u0442\u0443\u0440\u0430 \u043d\u0430\u0448\u0435\u0433\u043e \u043e\u0442\u0435\u043b\u044f, \u0443\u0441\u043b\u0443\u0433\u0438 \u043a\u043e\u0442\u043e\u0440\u043e\u0433\u043e \u0441\u043e\u043e\u0442\u0432\u0435\u0442\u0441\u0442\u0432\u0443\u044e\u0442 \u043a\u043e\u043d\u0446\u0435\u043f\u0446\u0438\u0438 \u00ab\u0425\u0430\u043b\u044f\u043b\u044c\u00bb, \u044f\u0432\u043b\u044f\u044e\u0442\u0441\u044f \u0432\u0430\u0436\u043d\u044b\u043c\u0438 \u0445\u0430\u0440\u0430\u043a\u0442\u0435\u0440\u0438\u0441\u0442\u0438\u043a\u0430\u043c\u0438, \u043a\u043e\u0442\u043e\u0440\u044b\u043c \u0441\u043b\u0435\u0434\u0443\u0435\u0442 \u043e\u0442\u0434\u0430\u0432\u0430\u0442\u044c \u043f\u0440\u0435\u0434\u043f\u043e\u0447\u0442\u0435\u043d\u0438\u0435 \u043d\u0430\u0448\u0435\u043c\u0443 \u043e\u0442\u0435\u043b\u044e.\u041b\u044e\u043a\u0441 \u0441 \u0432\u0438\u0434\u043e\u043c \u043d\u0430 \u0431\u0430\u0441\u0441\u0435\u0439\u043d \u0438 \u043f\u0440\u0438\u0440\u043e\u0434\u0443 45m3 \u0414\u0432\u0443\u0445\u043c\u0435\u0441\u0442\u043d\u044b\u0439 \u0431\u0430\u043b\u043a\u043e\u043d \u041a\u043e\u043d\u0434\u0438\u0446\u0438\u043e\u043d\u0435\u0440 \u0411\u0430\u043d\u044f \u0431\u0435\u0441\u043f\u043b\u0430\u0442\u043d\u044b\u0439 Wi Fi \u041d\u043e\u043c\u0435\u0440\u0430 \u043b\u044e\u043a\u0441 45m3 \u0414\u0432\u0443\u0445\u043c\u0435\u0441\u0442\u043d\u044b\u0439 \u0431\u0430\u043b\u043a\u043e\u043d \u041a\u043e\u043d\u0434\u0438\u0446\u0438\u043e\u043d\u0435\u0440 \u0411\u0430\u043d\u044f \u0431\u0435\u0441\u043f\u043b\u0430\u0442\u043d\u044b\u0439 Wi Fi \u0411\u0443\u0442\u0438\u043a-\u043e\u0442\u0435\u043b\u044c [&hellip;]<\/p>\n","protected":false},"author":1,"featured_media":0,"parent":0,"menu_order":0,"comment_status":"closed","ping_status":"closed","template":"","meta":{"_et_pb_use_builder":"on","_et_pb_old_content":"","_et_gb_content_width":"","footnotes":""},"class_list":["post-9645","page","type-page","status-publish","hentry"],"_links":{"self":[{"href":"https:\/\/www.zehragrup.com\/ru\/wp-json\/wp\/v2\/pages\/9645","targetHints":{"allow":["GET"]}}],"collection":[{"href":"https:\/\/www.zehragrup.com\/ru\/wp-json\/wp\/v2\/pages"}],"about":[{"href":"https:\/\/www.zehragrup.com\/ru\/wp-json\/wp\/v2\/types\/page"}],"author":[{"embeddable":true,"href":"https:\/\/www.zehragrup.com\/ru\/wp-json\/wp\/v2\/users\/1"}],"replies":[{"embeddable":true,"href":"https:\/\/www.zehragrup.com\/ru\/wp-json\/wp\/v2\/comments?post=9645"}],"version-history":[{"count":0,"href":"https:\/\/www.zehragrup.com\/ru\/wp-json\/wp\/v2\/pages\/9645\/revisions"}],"wp:attachment":[{"href":"https:\/\/www.zehragrup.com\/ru\/wp-json\/wp\/v2\/media?parent=9645"}],"curies":[{"name":"wp","href":"https:\/\/api.w.org\/{rel}","templated":true}]}}