{"id":26539,"date":"2024-05-10T15:19:30","date_gmt":"2024-05-10T15:19:30","guid":{"rendered":"https:\/\/zehragrup.com\/tatil-koyu-engelli-odasi\/"},"modified":"2024-05-21T14:48:52","modified_gmt":"2024-05-21T14:48:52","slug":"tatil-koyu-engelli-odasi","status":"publish","type":"product","link":"https:\/\/www.zehragrup.com\/ru\/tatil-koyu-engelli-odasi\/","title":{"rendered":"\u041d\u043e\u043c\u0435\u0440 \u0434\u043b\u044f \u0438\u043d\u0432\u0430\u043b\u0438\u0434\u043e\u0432"},"content":{"rendered":"<div class=\"et_pb_with_border et_pb_module et_pb_text et_pb_text_1_tb_body et_pb_text_align_left et_pb_bg_layout_light\">\n<div class=\"et_pb_text_inner\">\n<div class=\"et_pb_with_border et_pb_module et_pb_text et_pb_text_1_tb_body et_pb_text_align_left et_pb_bg_layout_light\">\n<div class=\"et_pb_text_inner\">\u042d\u0442\u043e\u0442 \u043d\u043e\u043c\u0435\u0440 \u0440\u0430\u0441\u043f\u043e\u043b\u043e\u0436\u0435\u043d \u0432 Zehra Holiday Village<\/div>\n<\/div>\n<\/div>\n<\/div>\n","protected":false},"excerpt":{"rendered":"<p>\u041a\u043e\u043d\u0434\u0438\u0446\u0438\u043e\u043d\u0435\u0440, \u0441\u043f\u0443\u0442\u043d\u0438\u043a\u043e\u0432\u043e\u0435 \u0442\u0435\u043b\u0435\u0432\u0438\u0434\u0435\u043d\u0438\u0435, HD TV \u0441\u0435\u0439\u0444 (55 \u0434\u044e\u0439\u043c\u043e\u0432), \u043f\u043e\u043b\u043e\u0442\u0435\u043d\u0446\u0430, \u0432\u0430\u043d\u043d\u0430\u044f \u043a\u043e\u043c\u043d\u0430\u0442\u0430\/\u0434\u0443\u0448, \u0431\u0435\u0441\u043f\u043b\u0430\u0442\u043d\u044b\u0439 WiFi, \u0444\u0435\u043d, \u043c\u043e\u043b\u0438\u0442\u0432\u0435\u043d\u043d\u044b\u0439 \u043a\u043e\u0432\u0440\u0438\u043a, \u0440\u043e\u0437\u0430\u0440\u0438\u0439, \u0443\u043a\u0430\u0437\u0430\u0442\u0435\u043b\u044c \u043d\u0430\u043f\u0440\u0430\u0432\u043b\u0435\u043d\u0438\u044f \u041a\u0438\u0431\u043b\u044b. \u0420\u0430\u0441\u043f\u043e\u043b\u043e\u0436\u0435\u043d\u043d\u044b\u0439 \u0432 \u0425\u0438\u0441\u0430\u0440\u043e\u043d\u0443, \u0424\u0435\u0442\u0445\u0438\u0435, Zehra Holiday Village \u043f\u0440\u0438\u0432\u0435\u0442\u0441\u0442\u0432\u0443\u0435\u0442 \u0441\u0432\u043e\u0438\u0445 \u0433\u043e\u0441\u0442\u0435\u0439 \u0432\u0435\u043b\u0438\u043a\u043e\u043b\u0435\u043f\u043d\u043e\u0439 \u043f\u0440\u0438\u0440\u043e\u0434\u043e\u0439 \u0424\u0435\u0442\u0445\u0438\u0435, \u0431\u043e\u043b\u044c\u0448\u0438\u043c \u043e\u0442\u043a\u0440\u044b\u0442\u044b\u043c \u0431\u0430\u0441\u0441\u0435\u0439\u043d\u043e\u043c \u0438 \u0441\u043f\u043e\u043a\u043e\u0439\u043d\u043e\u0439 \u0430\u0442\u043c\u043e\u0441\u0444\u0435\u0440\u043e\u0439.<\/p>\n<p>\u0412 \u043e\u0442\u0435\u043b\u0435 76 \u043d\u043e\u043c\u0435\u0440\u043e\u0432 \u0441 \u0441\u043e\u0432\u0440\u0435\u043c\u0435\u043d\u043d\u044b\u043c \u0434\u0435\u043a\u043e\u0440\u043e\u043c. \u0412 \u043d\u043e\u043c\u0435\u0440\u0430\u0445 \u0435\u0441\u0442\u044c \u0442\u0430\u043a\u0438\u0435 \u0443\u0434\u043e\u0431\u0441\u0442\u0432\u0430, \u043a\u0430\u043a \u0416\u041a-\u0442\u0435\u043b\u0435\u0432\u0438\u0437\u043e\u0440, \u0441\u043f\u0443\u0442\u043d\u0438\u043a\u043e\u0432\u043e\u0435 \u0432\u0435\u0449\u0430\u043d\u0438\u0435 \u0438 \u0431\u0435\u0441\u043f\u0440\u043e\u0432\u043e\u0434\u043d\u043e\u0439 \u0438\u043d\u0442\u0435\u0440\u043d\u0435\u0442. \u041e\u0442\u0435\u043b\u044c \u0442\u0430\u043a\u0436\u0435 \u043f\u0440\u0435\u0434\u043b\u0430\u0433\u0430\u0435\u0442 \u0441\u0432\u043e\u0438\u043c \u0433\u043e\u0441\u0442\u044f\u043c \u043e\u0442\u0434\u0435\u043b\u044c\u043d\u044b\u0439 \u0431\u0430\u0441\u0441\u0435\u0439\u043d \u0434\u043b\u044f \u043c\u0443\u0436\u0447\u0438\u043d \u0438 \u0436\u0435\u043d\u0449\u0438\u043d, \u0440\u0435\u0441\u0442\u043e\u0440\u0430\u043d, \u0443\u0441\u043b\u0443\u0433\u0438 \u043f\u0440\u0430\u0447\u0435\u0447\u043d\u043e\u0439 \u0438 \u0445\u0438\u043c\u0447\u0438\u0441\u0442\u043a\u0438.<\/p>\n<p>\u041d\u0430\u0448\u0438 \u0443\u0441\u043b\u0443\u0433\u0438 \u0423\u0434\u043e\u0431\u0441\u0442\u0432\u0430 \u0432 \u043d\u043e\u043c\u0435\u0440\u0430\u0445, \u043a\u043e\u043c\u0444\u043e\u0440\u0442 \u043d\u0430\u0448\u0438\u0445 \u0443\u0432\u0430\u0436\u0430\u0435\u043c\u044b\u0445 \u043a\u043b\u0438\u0435\u043d\u0442\u043e\u0432, \u043a\u043e\u043c\u0444\u043e\u0440\u0442 \u0438 \u0432\u0441\u0435 \u0443\u0434\u043e\u0431\u0441\u0442\u0432\u0430 \u0434\u043b\u044f \u0442\u043e\u0433\u043e, \u0447\u0442\u043e\u0431\u044b \u0432\u044b\u043f\u043e\u043b\u043d\u0438\u0442\u044c \u0441\u0432\u043e\u0438 \u0440\u0435\u043b\u0438\u0433\u0438\u043e\u0437\u043d\u044b\u0435 \u043e\u0431\u044f\u0437\u0430\u0442\u0435\u043b\u044c\u0441\u0442\u0432\u0430.<\/p>\n<ul>\n<li>\u0412 \u043e\u0442\u0435\u043b\u0435 \u0434\u043e\u043f\u0443\u0441\u043a\u0430\u0435\u0442\u0441\u044f \u0440\u0430\u0437\u043c\u0435\u0449\u0435\u043d\u0438\u0435 \u0433\u043e\u0441\u0442\u0435\u0439 \u0441 \u0434\u0435\u0442\u044c\u043c\u0438.<\/li>\n<li>\u0414\u043e\u043c\u0430\u0448\u043d\u0438\u0435 \u0436\u0438\u0432\u043e\u0442\u043d\u044b\u0435 \u043d\u0435 \u043f\u0440\u0438\u043d\u0438\u043c\u0430\u044e\u0442\u0441\u044f.<\/li>\n<li>\u0421\u043e\u0431\u0430\u043a\u0438-\u043f\u043e\u0432\u043e\u0434\u044b\u0440\u0438 \u043d\u0435 \u043f\u0440\u0438\u043d\u0438\u043c\u0430\u044e\u0442\u0441\u044f.<\/li>\n<li>\u0414\u043e\u043f\u043e\u043b\u043d\u0438\u0442\u0435\u043b\u044c\u043d\u044b\u0435 \u043a\u0440\u043e\u0432\u0430\u0442\u0438 \u043d\u0435 \u043f\u0440\u0435\u0434\u043e\u0441\u0442\u0430\u0432\u043b\u044f\u044e\u0442\u0441\u044f.<\/li>\n<\/ul>\n<p>\u0413\u043e\u0441\u0442\u044f\u043c, \u043f\u0440\u043e\u0436\u0438\u0432\u0430\u044e\u0449\u0438\u043c \u0431\u0435\u0441\u043f\u043b\u0430\u0442\u043d\u043e, \u043f\u0440\u0435\u0434\u043e\u0441\u0442\u0430\u0432\u043b\u0435\u043d\u0438\u0435 \u0434\u043e\u043f\u043e\u043b\u043d\u0438\u0442\u0435\u043b\u044c\u043d\u044b\u0445 \u043a\u0440\u043e\u0432\u0430\u0442\u0435\u0439 \u043d\u0435 \u0433\u0430\u0440\u0430\u043d\u0442\u0438\u0440\u0443\u0435\u0442\u0441\u044f.<\/p>\n","protected":false},"featured_media":25907,"comment_status":"closed","ping_status":"closed","template":"","meta":{"_et_pb_use_builder":"off","_et_pb_old_content":"<div class=\"et_pb_with_border et_pb_module et_pb_text et_pb_text_1_tb_body et_pb_text_align_left et_pb_bg_layout_light\">\r\n<div class=\"et_pb_text_inner\">\r\n<div class=\"et_pb_with_border et_pb_module et_pb_text et_pb_text_1_tb_body et_pb_text_align_left et_pb_bg_layout_light\">\r\n<div class=\"et_pb_text_inner\">Bu Oda Zehra Tatil K\u00f6y\u00fcnde Bulunmaktad\u0131r<\/div>\r\n<\/div>\r\n<\/div>\r\n<\/div>","_et_gb_content_width":""},"product_cat":[102],"product_tag":[],"class_list":{"0":"post-26539","1":"product","2":"type-product","3":"status-publish","4":"has-post-thumbnail","6":"product_cat-zehra-tatil-koyu-odalar-ru","8":"first","9":"instock","10":"shipping-taxable","11":"product-type-simple"},"_links":{"self":[{"href":"https:\/\/www.zehragrup.com\/ru\/wp-json\/wp\/v2\/product\/26539","targetHints":{"allow":["GET"]}}],"collection":[{"href":"https:\/\/www.zehragrup.com\/ru\/wp-json\/wp\/v2\/product"}],"about":[{"href":"https:\/\/www.zehragrup.com\/ru\/wp-json\/wp\/v2\/types\/product"}],"replies":[{"embeddable":true,"href":"https:\/\/www.zehragrup.com\/ru\/wp-json\/wp\/v2\/comments?post=26539"}],"wp:featuredmedia":[{"embeddable":true,"href":"https:\/\/www.zehragrup.com\/ru\/wp-json\/wp\/v2\/media\/25907"}],"wp:attachment":[{"href":"https:\/\/www.zehragrup.com\/ru\/wp-json\/wp\/v2\/media?parent=26539"}],"wp:term":[{"taxonomy":"product_cat","embeddable":true,"href":"https:\/\/www.zehragrup.com\/ru\/wp-json\/wp\/v2\/product_cat?post=26539"},{"taxonomy":"product_tag","embeddable":true,"href":"https:\/\/www.zehragrup.com\/ru\/wp-json\/wp\/v2\/product_tag?post=26539"}],"curies":[{"name":"wp","href":"https:\/\/api.w.org\/{rel}","templated":true}]}}